


{"id":156,"date":"2025-05-24T08:12:27","date_gmt":"2025-05-24T08:12:27","guid":{"rendered":"https:\/\/pushbundle.com\/?page_id=156"},"modified":"2026-01-21T05:04:58","modified_gmt":"2026-01-21T05:04:58","slug":"privacy-policy","status":"publish","type":"page","link":"https:\/\/pushbundle.com\/de\/privacy-policy\/","title":{"rendered":"Datenschutzrichtlinie"},"content":{"rendered":"<h1 class=\"wp-block-heading has-text-align-center\" style=\"font-size:4rem\">Datenschutzrichtlinie<\/h1>\n\n\n\n<style>\n.generalPage ul{\n  padding-left: 20px\n}\n.generalPage ul li{\nline-height: 1.6;\nmargin-bottom:10px;\n}\n\n<\/style>\n\n\n\n<div style=\"height:100px\" aria-hidden=\"true\" class=\"wp-block-spacer\"><\/div>\n\n\n\n<p>Zur Bereitstellung des Dienstes erhebt, speichert und verarbeitet PushBundle Informationen \u00fcber Kunden und deren Besucher. Dar\u00fcber hinaus bietet PushBundle seinen Kunden wertvolle und vergleichbare Datenverarbeitung basierend auf Kunden, deren Besuchern und Shops. Wir wissen, dass Ihnen Ihre Privatsph\u00e4re wichtig ist, und m\u00f6chten dazu beitragen, dass Sie unsere Dienste zufriedenstellend und sicher nutzen k\u00f6nnen. Daher informieren wir Sie mit dieser Datenschutzrichtlinie \u00fcber unsere Richtlinien und Verfahren zur Erhebung, Nutzung und Offenlegung von Informationen, die wir von Nutzern unserer Website und Dienste erhalten. Mit der Anmeldung oder Nutzung des Dienstes best\u00e4tigen Sie, dass Sie diese Datenschutzrichtlinie vollst\u00e4ndig gelesen, verstanden und akzeptiert haben.<\/p>\n\n\n\n<div style=\"height:51px\" aria-hidden=\"true\" class=\"wp-block-spacer\"><\/div>\n\n\n\n<p>Da wir keine direkte Beziehung zu Ihren Kunden, Besuchern und anderen Dritten haben, die Sie zu den von PushBundle erstellten Shopify-Apps hinzugef\u00fcgt haben, sind Sie allein daf\u00fcr verantwortlich, diese \u00fcber die erfassten Daten zu informieren und sicherzustellen, dass Sie die entsprechende Erlaubnis zur Erfassung und Verarbeitung von Daten \u00fcber diese Personen haben. Diese Datenschutzrichtlinie kann von Zeit zu Zeit aktualisiert werden. Beispielsweise k\u00f6nnen wir diese Datenschutzrichtlinie aktualisieren, um \u00c4nderungen unserer Praktiken zur Erfassung und Nutzung von Daten zu ber\u00fccksichtigen. Sie sollten diese Seite daher regelm\u00e4\u00dfig auf aktuelle Informationen zu unseren Datenschutzpraktiken \u00fcberpr\u00fcfen.<\/p>\n\n\n\n<div style=\"height:67px\" aria-hidden=\"true\" class=\"wp-block-spacer\"><\/div>\n\n\n\n<h2 class=\"wp-block-heading\"><strong>1. Erfasste Informationen<\/strong><\/h2>\n\n\n\n<div style=\"height:51px\" aria-hidden=\"true\" class=\"wp-block-spacer\"><\/div>\n\n\n\n<p>1. Informationen, die Sie uns zur Verf\u00fcgung stellen;<br>Wir erfassen und speichern bestimmte Informationen, die Sie uns direkt zur Verf\u00fcgung stellen, wenn Sie von PushBundle erstellte Shopify-Apps abonnieren, die Anwendung in Ihrem Shop installieren oder den Service nutzen. Zu den von uns erfassten Informationen k\u00f6nnen Ihr Name und Ihr Firmenname, Ihre Telefonnummer, Ihre E-Mail-Adresse, Ihre Postanschrift, Ihre Besucherinformationen und weitere Informationen geh\u00f6ren, die Sie uns freiwillig zur Verf\u00fcgung stellen.<br>Au\u00dferdem werden alle E-Mails und Nachrichten, die Sie uns senden, gespeichert. Diese Daten werden verwendet, um mit Ihnen zu kommunizieren, Ihnen Service, Informationen und andere Interaktionen bereitzustellen. Sie k\u00f6nnen innerhalb des Dienstes auch Texte und Inhalte erstellen, um Ihren Besuchern ein besseres Erlebnis zu bieten. Alle Ihre im Rahmen des Dienstes erstellten Inhalte werden im CRM von PushBundle gespeichert und zur Bereitstellung des Dienstes verwendet.<br><br>2. Automatisch erfasste Informationen;<br>Wenn Sie den Dienst abonnieren oder PushBundle-Apps in Ihrem Store installieren, kann der Dienst automatisch auf bestimmte Arten von Informationen zugreifen, die wir m\u00f6glicherweise kontinuierlich sammeln, speichern und verarbeiten.<br>\u200d<br>3. Informationen zu Ihrem Shop, auf die Sie \u00fcber Ihr Shopify-Konto zugreifen k\u00f6nnen:<\/p>\n\n\n\n<ul class=\"wp-block-list\">\n<li>Shop-Ressource: die allgemeinen Einstellungen und Informationen des Shops, einschlie\u00dflich Name, Dom\u00e4ne, W\u00e4hrung, Sprache, Standort und Kontakt-E-Mail-Adresse<\/li>\n\n\n\n<li>Produkte: der Produktkatalog des Stores, einschlie\u00dflich Details zu jeder Produktvariante, Titeln, Beschreibungen, Preisen, Bildern und Kollektionen;<\/li>\n\n\n\n<li>Bestellungen: die Bestellungen des Shops, einschlie\u00dflich Angaben zum Kunden, seinem Warenkorb und etwaigen Transaktionen;<\/li>\n\n\n\n<li>Storefront: die Designs des Stores, einschlie\u00dflich aller Dateien, Seiten, Texte, Assets und Skript-Tags;<\/li>\n\n\n\n<li>Ger\u00e4teinformationen: Wir erfassen m\u00f6glicherweise bestimmte Informationen \u00fcber die Ger\u00e4te, die Sie oder Ihr Besucher mit dem Dienst verwenden, darunter Daten wie eindeutige Ger\u00e4tekennungen, Ger\u00e4temarke und -modell, Ger\u00e4tename, Kennungen f\u00fcr Push-Benachrichtigungen, Internet Protocol (IP)-Adresse, Betriebssystem, Zeitzone, Sprache und Browsertypen;<\/li>\n\n\n\n<li>Nutzungsinformationen: Wir erfassen m\u00f6glicherweise Informationen dar\u00fcber, wie Nutzer den Dienst oder den Shop nutzen. Diese Daten k\u00f6nnen Nutzungsdauer, besuchte Seiten, angeklickte Links, bestellte Produkte, Seitenaufrufzeiten und verkn\u00fcpfte IP-Adressen umfassen. Wir k\u00f6nnen Ihre Interaktion mit Links in unseren Diensten durch Weiterleitungen oder auf andere Weise verfolgen.<\/li>\n\n\n\n<li>Standortinformationen: Wir k\u00f6nnen Ihren physischen Standort auch automatisch erfassen, wenn Sie Ihrem Computer oder Mobilger\u00e4t die M\u00f6glichkeit geben, uns Standortinformationen zu senden.<\/li>\n\n\n\n<li>Cookies und andere Tracking-Informationen: F\u00fcr kommerzielle Zwecke und personalisierte Dienste wird Ihre Erlaubnis zum Setzen von Cookies eingeholt und diese Cookies werden auf Ihrem Computer abgelegt, was Ihnen unter anderem erm\u00f6glicht, sich in einem Browser bei Ihrem Konto anzumelden und eine identifizierte Browsersitzung mit PushBundle aufrechtzuerhalten.<\/li>\n<\/ul>\n\n\n\n<div style=\"height:51px\" aria-hidden=\"true\" class=\"wp-block-spacer\"><\/div>\n\n\n\n<h2 class=\"wp-block-heading\">\u200d<strong>2. Verwendung von Informationen<\/strong><\/h2>\n\n\n\n<div style=\"height:51px\" aria-hidden=\"true\" class=\"wp-block-spacer\"><\/div>\n\n\n\n<p>1. Wir verwenden die gesammelten Informationen, um den Dienst bereitzustellen, seine Funktionen zu verbessern und neue Funktionen zu entwickeln, beispielsweise f\u00fcr die folgenden Zwecke:<\/p>\n\n\n\n<p><\/p>\n\n\n\n<ul class=\"wp-block-list\">\n<li>Um Anfragen oder Transaktionen zu verarbeiten, die Sie durch den Zugriff auf den Dienst oder dessen Nutzung initiieren;<\/li>\n\n\n\n<li>Um die Nutzung und Trends zu \u00fcberwachen und zu analysieren, um den Dienst zu verbessern oder Ihre Erfahrung mit dem Dienst zu verbessern, beispielsweise durch die Bereitstellung personalisierter Inhalte, Funktionen oder Werbung f\u00fcr Sie oder Ihre Besucher;<\/li>\n\n\n\n<li>Um Ihre Identit\u00e4t oder die Identit\u00e4t Ihrer Besucher zu \u00fcberpr\u00fcfen, um Ihre Privatsph\u00e4re zu sch\u00fctzen und die Daten zu sichern;<\/li>\n\n\n\n<li>Um Sie oder Ihre Besucher \u00fcber Sicherheitswarnungen oder wichtige Aktualisierungen unserer Datenschutzrichtlinie zu kontaktieren oder zu benachrichtigen oder um Ihre Nutzung des Dienstes zu unterst\u00fctzen und auf Ihre Kommentare, Fragen und Anfragen zu antworten;<\/li>\n\n\n\n<li>Um Informationen, die wir von anderen erhalten, zu verkn\u00fcpfen oder zu kombinieren, damit wir Ihre Bed\u00fcrfnisse besser verstehen oder Ihnen bessere Dienste bieten k\u00f6nnen;<\/li>\n\n\n\n<li>Um betr\u00fcgerische, nicht autorisierte oder illegale Aktivit\u00e4ten zu erkennen, zu untersuchen und zu verhindern.<\/li>\n<\/ul>\n\n\n\n<p><br>2. Wir k\u00f6nnen die gesammelten Informationen auch analysieren, Diagramme und Statistiken f\u00fcr kommerzielle Zwecke bereitstellen und ver\u00f6ffentlichen oder die Ergebnisse gezielt und f\u00fcr verschiedene Institutionen oder Unternehmen nutzbar machen und deren Eigent\u00fcmern pr\u00e4sentieren. Wir k\u00f6nnen diese Informationen auch zur Entwicklung weiterer Dienste nutzen. Alle diese Nutzungen sch\u00fctzen Ihre Privatsph\u00e4re und die Ihrer Besucher vollst\u00e4ndig, ohne dass personenbezogene Daten an Dritte weitergegeben oder f\u00fcr diese nachvollziehbar sind. Daher geben wir, au\u00dfer in F\u00e4llen gesetzlicher und gerichtlicher Anforderungen, niemals Informationen an Dritte weiter, die als Ihnen oder einem Ihrer Nutzer zugeh\u00f6rig identifiziert werden k\u00f6nnen.<\/p>\n\n\n\n<div style=\"height:51px\" aria-hidden=\"true\" class=\"wp-block-spacer\"><\/div>\n\n\n\n<h2 class=\"wp-block-heading\">\u200d<strong>3. Schutz, Sicherung und Weitergabe von Informationen<\/strong><\/h2>\n\n\n\n<div style=\"height:51px\" aria-hidden=\"true\" class=\"wp-block-spacer\"><\/div>\n\n\n\n<p>Datensicherheit hat f\u00fcr uns einen hohen Stellenwert. Alle personenbezogenen Daten werden gem\u00e4\u00df den Grunds\u00e4tzen des Data Protection Act 1998 und der Datenschutz-Grundverordnung der Europ\u00e4ischen Union sicher gespeichert.<br><br>Zum Schutz Ihrer Daten haben wir geeignete physische, elektronische und organisatorische Ma\u00dfnahmen ergriffen, um die \u00fcber die PushBundle-App erfassten Daten zu sichern und zu sch\u00fctzen. Wenn f\u00fcr bestimmte Teile des Dienstes ein Passwort erforderlich ist, sind Sie f\u00fcr die Geheimhaltung dieses Passworts verantwortlich. Wir sind stets bem\u00fcht, Ihre personenbezogenen Daten bestm\u00f6glich zu sch\u00fctzen. Die \u00dcbertragung von Informationen \u00fcber das Internet ist jedoch nicht immer absolut sicher und erfolgt auf Ihr eigenes Risiko. Wir haften nicht f\u00fcr unbefugten Zugriff auf die Daten, der nicht direkt durch Datenlecks oder -offenlegung aus unseren Speichern verursacht wurde.<br><br>\u00dcber den Dienst erfasste pers\u00f6nliche Daten werden niemals an Dritte weitergegeben, au\u00dfer in den folgenden F\u00e4llen:<br><br>1. Mit Ihrer Zustimmung;<br>&nbsp;&nbsp;&nbsp;Wenn Sie uns Ihre Zustimmung dazu geben, einschlie\u00dflich wenn wir Sie benachrichtigen, dass die von Ihnen bereitgestellten Informationen auf eine bestimmte Art und Weise weitergegeben werden und Sie diese Informationen bereitstellen.<br><br>2. Mit Diensten Dritter;<br>&nbsp;&nbsp;&nbsp;Wir geben notwendige Daten an Drittanbieter, Berater oder andere Personen weiter, die mit uns zusammenarbeiten und Zugriff auf diese Informationen ben\u00f6tigen, um in unserem Auftrag zu arbeiten. Auf diese Weise k\u00f6nnen wir Ihnen den Service bereitstellen. Alle von diesen Parteien verwendeten Daten werden nur in dem Umfang verwendet, der f\u00fcr die Erbringung der von uns angeforderten Dienste erforderlich ist. Jede Verwendung f\u00fcr andere Zwecke ist strengstens untersagt. Dar\u00fcber hinaus werden alle von Dritten verarbeiteten Daten gem\u00e4\u00df den Bestimmungen dieser Datenschutzrichtlinie und in \u00dcbereinstimmung mit dem Data Protection Act 1998 und der DSGVO verarbeitet.<br><br>3. Als Reaktion auf ein Gerichtsverfahren oder eine Informationsanfrage;<br>&nbsp;&nbsp;&nbsp;Wenn wir der Ansicht sind, dass die Offenlegung im Einklang mit geltenden Gesetzen, Regeln oder Vorschriften steht, k\u00f6nnen wir Ihre personenbezogenen Daten in folgenden F\u00e4llen an die entsprechenden Personen weitergeben:<br><\/p>\n\n\n\n<ul class=\"wp-block-list\">\n<li>Anwendung aller geltenden Gesetze, Regeln und Vorschriften oder Gerichtsurteile;<\/li>\n\n\n\n<li>Anwendung von Servicebedingungen, die f\u00fcr Inspektionen oder die Feststellung von Verst\u00f6\u00dfen angewendet werden k\u00f6nnen;<\/li>\n\n\n\n<li>Um m\u00f6gliche Verst\u00f6\u00dfe gegen unsere Benutzervereinbarungen oder Richtlinien zu untersuchen oder zu beheben;<\/li>\n\n\n\n<li>Zum Schutz der Rechte, des Eigentums und der Sicherheit von PushBundle, unseren Benutzern oder anderen, soweit dies aufgrund von Vorschriften erforderlich oder zul\u00e4ssig ist.<\/li>\n<\/ul>\n\n\n\n<p><br>4. Innerhalb des Unternehmens;<br>&nbsp;&nbsp;&nbsp;Mitarbeiter von PushBundle, deren berufliche Aufgaben Zugriff auf personenbezogene Daten erfordern, erhalten diesen Zugriff und nutzen ihn ausschlie\u00dflich zur Bereitstellung von Service und Support f\u00fcr Kunden. Diese Mitarbeiter unterliegen strengen Regeln zum Schutz und zur Vertraulichkeit von Informationen.<br><br>5. Weitergabe nicht personenbezogener Daten;<br>&nbsp;&nbsp;&nbsp;Wir k\u00f6nnen nicht personenbezogene Daten in verschiedenen Formaten ver\u00f6ffentlichen oder an unsere Partner wie Verlage, Werbetreibende, Gesch\u00e4ftsinhaber und Forscher weitergeben. Beispielsweise k\u00f6nnen wir Statistiken zu Warenpreisen, deren H\u00e4ufigkeit und Lagerbestand an verschiedenen Orten, der Anzahl der Besuche verschiedener Waren oder Gesch\u00e4fte weitergeben oder diese Statistiken an Dritte weitergeben.<\/p>\n\n\n\n<div style=\"height:51px\" aria-hidden=\"true\" class=\"wp-block-spacer\"><\/div>\n\n\n\n<h2 class=\"wp-block-heading\">\u200d<strong>4. Speicherung und L\u00f6schung von Informationen<\/strong><\/h2>\n\n\n\n<div style=\"height:51px\" aria-hidden=\"true\" class=\"wp-block-spacer\"><\/div>\n\n\n\n<p>Alle in PushBundle erfassten Informationen werden stets sicher gespeichert und so lange aufbewahrt, wie es f\u00fcr die Bereitstellung und Verbesserung des Dienstes oder f\u00fcr andere in den Bedingungen aufgef\u00fchrte Verwendungszwecke erforderlich ist.<br>\u200d<br>Wir bieten unseren Kunden die M\u00f6glichkeit, direkt auf Anfragen betroffener Personen zum Zugriff auf ihre Daten, zur \u00dcbertragung, Berichtigung oder L\u00f6schung ihrer Daten oder zur Einschr\u00e4nkung oder zum Widerspruch gegen die Verarbeitung ihrer personenbezogenen Daten zu reagieren.<br>\u200d<br>Wenn Sie uns \u00fcber unsere offiziellen E-Mail-Adressen kontaktieren, um eine Anfrage zu Ihren personenbezogenen Daten zu stellen, ben\u00f6tigen wir in diesem Fall m\u00f6glicherweise zus\u00e4tzliche Informationen, die zur \u00dcberpr\u00fcfung Ihrer Identit\u00e4t und Ihres Status als betroffene Person in der EU erforderlich sind. Wir werden Ihre Anfrage innerhalb von 30 Tagen nach der Identit\u00e4ts\u00fcberpr\u00fcfung direkt beantworten.<br>\u200d<br>Wenn wir Ihre personenbezogenen Daten auf Grundlage Ihrer Einwilligung verarbeiten, haben Sie das Recht, Ihre Einwilligung jederzeit zu widerrufen, ohne dass die Rechtm\u00e4\u00dfigkeit der aufgrund der Einwilligung bis zum Widerruf erfolgten Verarbeitung ber\u00fchrt wird. Um Ihre Einwilligung zu widerrufen, senden Sie uns eine E-Mail an unsere Support-E-Mail-Adresse.<br>\u200d<br>Wenn Sie die Nutzung des Dienstes beenden, k\u00f6nnen wir Ihre personenbezogenen Daten f\u00fcr immer speichern, nachdem ein Kunde die Nutzung des Dienstes beendet hat, es sei denn, Sie verlangen die L\u00f6schung Ihrer personenbezogenen Daten.<\/p>\n\n\n\n<div style=\"height:51px\" aria-hidden=\"true\" class=\"wp-block-spacer\"><\/div>\n\n\n\n<h2 class=\"wp-block-heading\"><strong>5. \u00c4nderungen in der Unternehmenseigent\u00fcmerschaft und -kontrolle<\/strong><\/h2>\n\n\n\n<div style=\"height:51px\" aria-hidden=\"true\" class=\"wp-block-spacer\"><\/div>\n\n\n\n<p>Im Falle eines Verkaufs und\/oder der \u00dcbertragung der Kontrolle \u00fcber die gesamte oder einen Teil der PushBundle-App werden die von den Kunden bereitgestellten Daten, sofern sie f\u00fcr einen so \u00fcbertragenen Teil unseres Gesch\u00e4fts relevant sind, zusammen mit diesem Teil \u00fcbertragen, und der neue Eigent\u00fcmer oder die neue kontrollierende Partei ist gem\u00e4\u00df den Bedingungen dieser Datenschutzrichtlinie berechtigt, die Daten f\u00fcr die Zwecke zu verwenden, f\u00fcr die sie uns urspr\u00fcnglich bereitgestellt wurden, und die Vertraulichkeit personenbezogener Daten bleibt gewahrt.<br>\u200d<br>Wenn f\u00fcr eine solche Daten\u00fcbertragung die Implementierung neuer und v\u00f6llig anderer Richtlinien als zuvor erforderlich ist, werden Sie wie im Abschnitt \u201e\u00c4nderungen\u201c dieser Datenschutzrichtlinie beschrieben dar\u00fcber informiert und anschlie\u00dfend geht das Eigentum bzw. die Kontrolle auf den neuen Eigent\u00fcmer \u00fcber.<br><br>Wir k\u00f6nnen Daten auch an einen potenziellen K\u00e4ufer unseres Unternehmens oder eines Teils davon weitergeben. In diesen F\u00e4llen ergreifen wir Ma\u00dfnahmen, um sicherzustellen, dass Ihre Privatsph\u00e4re gem\u00e4\u00df dieser Datenschutzrichtlinie gesch\u00fctzt ist.<\/p>\n\n\n\n<div style=\"height:51px\" aria-hidden=\"true\" class=\"wp-block-spacer\"><\/div>\n\n\n\n<h2 class=\"wp-block-heading\"><strong>6. \u00c4nderungen dieser Datenschutzrichtlinie<\/strong><\/h2>\n\n\n\n<div style=\"height:51px\" aria-hidden=\"true\" class=\"wp-block-spacer\"><\/div>\n\n\n\n<p>Wir behalten uns das Recht vor, diese Datenschutzrichtlinie nach eigenem Ermessen oder aufgrund gesetzlicher Vorschriften zu \u00e4ndern. Wir k\u00f6nnen diese Datenschutzrichtlinie gelegentlich aktualisieren, um beispielsweise \u00c4nderungen unserer Praktiken oder andere betriebliche, rechtliche oder regulatorische Gr\u00fcnde zu ber\u00fccksichtigen.<br><br>Alle \u00c4nderungen werden umgehend auf der Website ver\u00f6ffentlicht und es wird davon ausgegangen, dass Sie die Bedingungen der Datenschutzrichtlinie bei Ihrer ersten Nutzung der Website nach den \u00c4nderungen akzeptiert haben.<br><br>Wenn Sie sich entscheiden, den Dienst nicht gem\u00e4\u00df den Richtlinien dieser Datenschutzrichtlinie oder ihrer aktualisierten Versionen zu nutzen, m\u00fcssen Sie Ihr Konto schlie\u00dfen.<\/p>\n\n\n\n<div style=\"height:51px\" aria-hidden=\"true\" class=\"wp-block-spacer\"><\/div>\n\n\n\n<h2 class=\"wp-block-heading\"><strong>7. Betroffenenrechte nach DPA und DSGVO<\/strong><\/h2>\n\n\n\n<div style=\"height:51px\" aria-hidden=\"true\" class=\"wp-block-spacer\"><\/div>\n\n\n\n<p>Wenn Sie im Europ\u00e4ischen Wirtschaftsraum oder in der Schweiz (zusammen die \u201eEU\u201c) ans\u00e4ssig sind, weisen wir darauf hin, dass wir Ihre Daten verarbeiten und uns bei der Verarbeitung (Erhebung, Speicherung und Verwendung) Ihrer personenbezogenen Daten auf die folgenden Rechtsgrundlagen gem\u00e4\u00df der Datenschutz-Grundverordnung (\u201eDSGVO\u201c) st\u00fctzen:<br>\u200d<br><strong>\u201eWenn es f\u00fcr die Erf\u00fcllung eines Vertrags, unser berechtigtes Gesch\u00e4ftsinteresse oder das eines Dritten oder Ihre Zustimmung erforderlich ist.\u201c<\/strong><\/p>\n\n\n\n<p><br>Sie haben immer die M\u00f6glichkeit, unsere Verwendung der Daten einzuschr\u00e4nken oder auf diese zuzugreifen. Dazu k\u00f6nnen die folgenden Optionen geh\u00f6ren:<br>\u200d<\/p>\n\n\n\n<ul class=\"wp-block-list\">\n<li>Sie haben das Recht, eine Kopie aller von PushBundle gespeicherten Kontodaten Ihres Stores anzufordern.<\/li>\n\n\n\n<li>Sie haben das Recht, die zur Erhebung und Verwendung Ihrer Daten erforderliche Einwilligung jederzeit zu widerrufen;<\/li>\n\n\n\n<li>Sie haben das Recht, Ihre Daten von den Servern und Datenbanken von PushBundle l\u00f6schen zu lassen;<\/li>\n<\/ul>\n\n\n\n<p><br>1. Sie k\u00f6nnen Ihre Daten gem\u00e4\u00df den in Abschnitt 4 beschriebenen Richtlinien kontrollieren.<br><br>2. Sie k\u00f6nnen die \u00dcbermittlung von Informationen \u00fcber den Dienst ablehnen oder unseren Zugriff auf die Daten einschr\u00e4nken. Alternativ kann der Zugriff auch \u00fcber die Einstellungen Ihres Browsers eingeschr\u00e4nkt werden, sodass wir Ihnen den Dienst m\u00f6glicherweise nicht vollst\u00e4ndig oder teilweise zur Verf\u00fcgung stellen k\u00f6nnen.<br><br>3. Die Sicherheit Ihrer Daten unterliegt den Richtlinien in Abschnitt 3.<br><br>4. PushBundle kann bestimmte Cookies auf Ihrem Computer platzieren und darauf zugreifen. Zuvor wird Ihnen eine Meldung angezeigt, in der Sie um Ihre Zustimmung zum Setzen dieser Cookies gebeten werden. Sie sollten diese Zustimmung von Ihren Besuchern einholen. Cookies dienen dazu, Ihre Nutzung des Dienstes und unser Produkt- und Leistungsangebot zu verbessern. Sie k\u00f6nnen Cookies in Ihrem Internetbrowser aktivieren oder deaktivieren und Cookies jederzeit l\u00f6schen. Allerdings funktionieren bestimmte Funktionen des Dienstes m\u00f6glicherweise nicht vollst\u00e4ndig oder wie vorgesehen.<\/p>\n\n\n\n<div style=\"height:51px\" aria-hidden=\"true\" class=\"wp-block-spacer\"><\/div>\n\n\n\n<h2 class=\"wp-block-heading\"><strong>8. Datenschutz f\u00fcr Kinder<\/strong><\/h2>\n\n\n\n<div style=\"height:51px\" aria-hidden=\"true\" class=\"wp-block-spacer\"><\/div>\n\n\n\n<p>Unsere Websites richten sich nicht an Kinder unter 13 Jahren. Wir erheben, verwenden oder geben wissentlich keine personenbezogenen Daten von Personen unter 13 Jahren weiter. Sollten wir bei der Datenerhebung feststellen, dass ein Nutzer minderj\u00e4hrig ist, verwenden oder speichern wir seine personenbezogenen Daten nicht ohne die Zustimmung der Eltern\/Erziehungsberechtigten. Sollten wir feststellen, dass wir unwissentlich personenbezogene Daten eines Kindes unter 13 Jahren erhoben haben, werden wir angemessene Anstrengungen unternehmen, um diese Daten aus unseren Aufzeichnungen zu l\u00f6schen.<\/p>\n\n\n\n<div style=\"height:51px\" aria-hidden=\"true\" class=\"wp-block-spacer\"><\/div>\n\n\n\n<h2 class=\"wp-block-heading\"><strong>9. Aktualisierungen dieser Datenschutzrichtlinie<\/strong><\/h2>\n\n\n\n<div style=\"height:51px\" aria-hidden=\"true\" class=\"wp-block-spacer\"><\/div>\n\n\n\n<p>Diese Richtlinie kann regelm\u00e4\u00dfig und ohne vorherige Ank\u00fcndigung aktualisiert werden, um \u00c4nderungen in unserem Umgang mit personenbezogenen Daten Rechnung zu tragen. Wir werden Sie auf dieser Website \u00fcber wesentliche \u00c4nderungen unserer Richtlinie durch einen deutlich sichtbaren Hinweis informieren und unten angeben, wann die Richtlinie zuletzt aktualisiert wurde.<\/p>\n\n\n\n<p><\/p>","protected":false},"excerpt":{"rendered":"<p>Privacy Policy To provide the Service, PushBundle collects, maintains, and processes information about the Clients and their Visitors. It also provides its customers with valuable and comparable data processing based on its Clients and their Visitors and Stores. We understand that you value your privacy, and we want to help make your experience with our [&hellip;]<\/p>\n","protected":false},"author":2,"featured_media":0,"parent":0,"menu_order":0,"comment_status":"closed","ping_status":"closed","template":"","meta":{"footnotes":""},"class_list":["post-156","page","type-page","status-publish","hentry"],"_links":{"self":[{"href":"https:\/\/pushbundle.com\/de\/wp-json\/wp\/v2\/pages\/156","targetHints":{"allow":["GET"]}}],"collection":[{"href":"https:\/\/pushbundle.com\/de\/wp-json\/wp\/v2\/pages"}],"about":[{"href":"https:\/\/pushbundle.com\/de\/wp-json\/wp\/v2\/types\/page"}],"author":[{"embeddable":true,"href":"https:\/\/pushbundle.com\/de\/wp-json\/wp\/v2\/users\/2"}],"replies":[{"embeddable":true,"href":"https:\/\/pushbundle.com\/de\/wp-json\/wp\/v2\/comments?post=156"}],"version-history":[{"count":23,"href":"https:\/\/pushbundle.com\/de\/wp-json\/wp\/v2\/pages\/156\/revisions"}],"predecessor-version":[{"id":1191,"href":"https:\/\/pushbundle.com\/de\/wp-json\/wp\/v2\/pages\/156\/revisions\/1191"}],"wp:attachment":[{"href":"https:\/\/pushbundle.com\/de\/wp-json\/wp\/v2\/media?parent=156"}],"curies":[{"name":"wp","href":"https:\/\/api.w.org\/{rel}","templated":true}]}}