


{"id":156,"date":"2025-05-24T08:12:27","date_gmt":"2025-05-24T08:12:27","guid":{"rendered":"https:\/\/pushbundle.com\/?page_id=156"},"modified":"2026-01-21T05:04:58","modified_gmt":"2026-01-21T05:04:58","slug":"privacy-policy","status":"publish","type":"page","link":"https:\/\/pushbundle.com\/es\/privacy-policy\/","title":{"rendered":"pol\u00edtica de privacidad"},"content":{"rendered":"<h1 class=\"wp-block-heading has-text-align-center\" style=\"font-size:4rem\">pol\u00edtica de privacidad<\/h1>\n\n\n\n<style>\n.generalPage ul{\n  padding-left: 20px\n}\n.generalPage ul li{\nline-height: 1.6;\nmargin-bottom:10px;\n}\n\n<\/style>\n\n\n\n<div style=\"height:100px\" aria-hidden=\"true\" class=\"wp-block-spacer\"><\/div>\n\n\n\n<p>Para prestar el Servicio, PushBundle recopila, mantiene y procesa informaci\u00f3n sobre los Clientes y sus Visitantes. Tambi\u00e9n proporciona a sus clientes un procesamiento de datos valioso y comparable basado en sus Clientes, Visitantes y Tiendas. Entendemos que valora su privacidad y queremos que su experiencia con nuestros Servicios sea satisfactoria y segura. Por ello, le proporcionamos esta Pol\u00edtica de Privacidad para informarle sobre nuestras pol\u00edticas y procedimientos con respecto a la recopilaci\u00f3n, el uso y la divulgaci\u00f3n de la informaci\u00f3n que recibimos de los usuarios de nuestro Sitio Web y nuestros servicios. Suscribirse o utilizar el Servicio implica que ha le\u00eddo, comprendido y aceptado la totalidad de esta Pol\u00edtica de Privacidad.<\/p>\n\n\n\n<div style=\"height:51px\" aria-hidden=\"true\" class=\"wp-block-spacer\"><\/div>\n\n\n\n<p>Dado que no tenemos una relaci\u00f3n directa con sus clientes, visitantes ni con ning\u00fan otro tercero que haya a\u00f1adido a las aplicaciones de Shopify creadas por PushBundle, usted es el \u00fanico responsable de informarles sobre la informaci\u00f3n recopilada y de asegurarse de contar con la autorizaci\u00f3n correspondiente para que recopilemos y procesemos informaci\u00f3n sobre dichas personas. Esta Pol\u00edtica de Privacidad puede actualizarse peri\u00f3dicamente. Por ejemplo, podemos actualizarla para reflejar los cambios en nuestras pr\u00e1cticas de recopilaci\u00f3n y uso de informaci\u00f3n. Por lo tanto, le recomendamos que revise esta p\u00e1gina peri\u00f3dicamente para obtener la informaci\u00f3n m\u00e1s reciente sobre nuestras pr\u00e1cticas de privacidad.<\/p>\n\n\n\n<div style=\"height:67px\" aria-hidden=\"true\" class=\"wp-block-spacer\"><\/div>\n\n\n\n<h2 class=\"wp-block-heading\"><strong>1. Informaci\u00f3n recopilada<\/strong><\/h2>\n\n\n\n<div style=\"height:51px\" aria-hidden=\"true\" class=\"wp-block-spacer\"><\/div>\n\n\n\n<p>1. Informaci\u00f3n que usted nos proporciona;<br>Recopilamos y conservamos cierta informaci\u00f3n que nos proporciona directamente al suscribirse a las apps de Shopify creadas por PushBundle, al instalar la aplicaci\u00f3n en su tienda o al utilizar el Servicio. Esta informaci\u00f3n puede incluir su nombre y el de su empresa, n\u00famero de tel\u00e9fono, direcci\u00f3n de correo electr\u00f3nico, direcci\u00f3n postal, informaci\u00f3n de sus visitantes y otra informaci\u00f3n que usted elija proporcionar.<br>Adem\u00e1s, cualquier correo electr\u00f3nico o mensaje que nos env\u00ede se guardar\u00e1. Estos datos se utilizar\u00e1n para comunicarnos con usted y proporcionarle el Servicio, la informaci\u00f3n y otras interacciones. Tambi\u00e9n puede crear textos y contenido dentro del Servicio para ofrecer una mejor experiencia a sus visitantes. Todo el contenido generado dentro del Servicio se guardar\u00e1 en el CRM de PushBundle y se utilizar\u00e1 para prestarle el Servicio.<br><br>2. Informaci\u00f3n recopilada autom\u00e1ticamente;<br>Cuando se suscribe al Servicio o instala aplicaciones PushBundle en su Tienda, el Servicio puede acceder autom\u00e1ticamente a ciertos tipos de informaci\u00f3n que podemos recopilar, guardar y procesar continuamente.<br>\u200d<br>3. Informaci\u00f3n sobre su tienda a la que se puede acceder desde su cuenta de Shopify:<\/p>\n\n\n\n<ul class=\"wp-block-list\">\n<li>Recurso de la tienda: configuraci\u00f3n general e informaci\u00f3n de la tienda, incluido el nombre, el dominio, la moneda, el idioma, la ubicaci\u00f3n y la direcci\u00f3n de correo electr\u00f3nico de contacto.<\/li>\n\n\n\n<li>Productos: el cat\u00e1logo de productos de la Tienda, incluyendo detalles sobre cada variante de producto, t\u00edtulos, descripciones, precios, im\u00e1genes y colecciones;<\/li>\n\n\n\n<li>Pedidos: los pedidos de la Tienda, incluidos los detalles del cliente, su carrito y cualquier transacci\u00f3n;<\/li>\n\n\n\n<li>Tienda: los temas de la Tienda, incluidos todos los archivos, p\u00e1ginas, textos, activos y etiquetas de script;<\/li>\n\n\n\n<li>Informaci\u00f3n del dispositivo: Podemos recopilar cierta informaci\u00f3n sobre los dispositivos que usted usa, o que su Visitante usa con el Servicio, incluidos datos como identificadores \u00fanicos del dispositivo, marca y modelo del dispositivo, nombre del dispositivo, identificadores de notificaciones push, direcci\u00f3n de Protocolo de Internet (IP), sistema operativo, zona horaria, idioma y tipos de navegador;<\/li>\n\n\n\n<li>Informaci\u00f3n de uso: Podemos recopilar informaci\u00f3n sobre c\u00f3mo las personas usan el Servicio o la Tienda. Estos datos pueden incluir el tiempo de uso del Servicio, las p\u00e1ginas visitadas, los enlaces en los que se hace clic, los productos pedidos, el tiempo de visualizaci\u00f3n de la p\u00e1gina y las IP vinculadas. Podemos registrar c\u00f3mo interact\u00faa con los enlaces en nuestros Servicios mediante redireccionamientos u otros medios.<\/li>\n\n\n\n<li>Informaci\u00f3n de ubicaci\u00f3n: Tambi\u00e9n podemos recopilar autom\u00e1ticamente su ubicaci\u00f3n f\u00edsica si habilita su computadora o dispositivo m\u00f3vil para que nos env\u00ede informaci\u00f3n de ubicaci\u00f3n;<\/li>\n\n\n\n<li>Cookies y otra informaci\u00f3n de seguimiento: Para fines comerciales y servicios personalizados, se le quita el permiso para configurar cookies, y estas cookies se colocar\u00e1n en su computadora, lo que, entre otros usos, le permite iniciar sesi\u00f3n en su Cuenta en un navegador y mantener una sesi\u00f3n de navegaci\u00f3n identificada con PushBundle.<\/li>\n<\/ul>\n\n\n\n<div style=\"height:51px\" aria-hidden=\"true\" class=\"wp-block-spacer\"><\/div>\n\n\n\n<h2 class=\"wp-block-heading\">\u200d<strong>2. Uso de la informaci\u00f3n<\/strong><\/h2>\n\n\n\n<div style=\"height:51px\" aria-hidden=\"true\" class=\"wp-block-spacer\"><\/div>\n\n\n\n<p>1. Utilizamos la informaci\u00f3n recopilada para prestar el Servicio, mejorar sus funciones y desarrollar nuevas funciones, con los siguientes fines:<\/p>\n\n\n\n<p><\/p>\n\n\n\n<ul class=\"wp-block-list\">\n<li>Para procesar las solicitudes o transacciones que usted inicie al acceder o utilizar el Servicio;<\/li>\n\n\n\n<li>Para monitorear y analizar el uso y las tendencias para mejorar el Servicio, o para mejorar su experiencia con el Servicio, por ejemplo, al proporcionar contenido, funciones o anuncios personalizados para usted o sus Visitantes;<\/li>\n\n\n\n<li>Para verificar su identidad o la identidad de sus Visitantes con el fin de proteger su privacidad y mantener los datos protegidos;<\/li>\n\n\n\n<li>Para contactarlo o notificarlo a usted o a sus Visitantes sobre alertas de seguridad, actualizaciones esenciales de nuestra Pol\u00edtica de privacidad o para respaldar su uso del Servicio y responder a sus comentarios, preguntas y solicitudes;<\/li>\n\n\n\n<li>Para vincular o combinar con la informaci\u00f3n que obtenemos de otros para ayudarnos a comprender sus necesidades o brindarle mejores servicios;<\/li>\n\n\n\n<li>Para detectar, investigar y prevenir actividades fraudulentas, no autorizadas o ilegales.<\/li>\n<\/ul>\n\n\n\n<p><br>2. Tambi\u00e9n podemos analizar la informaci\u00f3n recopilada, proporcionar y publicar gr\u00e1ficos y estad\u00edsticas con fines comerciales para uso p\u00fablico, o publicar sus resultados de forma espec\u00edfica y utilizable para diversas instituciones o empresas y presentarlos a sus propietarios. Tambi\u00e9n podemos utilizar esta informaci\u00f3n para desarrollar otros servicios. Todos estos usos protegen plenamente su privacidad y la de sus visitantes, sin que ninguna informaci\u00f3n personal se comparta ni pueda rastrearse a terceros. Por lo tanto, salvo en casos de requerimientos legales y judiciales, nunca proporcionamos ni vendemos a terceros informaci\u00f3n que pueda identificarse como perteneciente a usted o a uno de sus usuarios.<\/p>\n\n\n\n<div style=\"height:51px\" aria-hidden=\"true\" class=\"wp-block-spacer\"><\/div>\n\n\n\n<h2 class=\"wp-block-heading\">\u200d<strong>3. Protecci\u00f3n, seguridad y compartici\u00f3n de informaci\u00f3n<\/strong><\/h2>\n\n\n\n<div style=\"height:51px\" aria-hidden=\"true\" class=\"wp-block-spacer\"><\/div>\n\n\n\n<p>La seguridad de los datos es fundamental para nosotros. Todos los datos personales se almacenan de forma segura conforme a los principios de la Ley de Protecci\u00f3n de Datos de 1998 y el Reglamento General de Protecci\u00f3n de Datos de la Uni\u00f3n Europea.<br><br>Para proteger sus datos, hemos implementado procedimientos f\u00edsicos, electr\u00f3nicos y administrativos adecuados para salvaguardar y proteger los datos recopilados a trav\u00e9s de la aplicaci\u00f3n PushBundle. Por lo tanto, si se requiere acceso con contrase\u00f1a para ciertas partes del Servicio, usted es responsable de mantener su confidencialidad. Nos esforzamos al m\u00e1ximo para proteger sus Datos Personales. Sin embargo, la transmisi\u00f3n de informaci\u00f3n por internet no siempre es completamente segura y se realiza bajo su propio riesgo. No nos responsabilizamos en caso de acceso no autorizado a los datos que no est\u00e9 directamente causado por una fuga o divulgaci\u00f3n de datos desde nuestros almacenes.<br><br>La informaci\u00f3n personal recopilada a trav\u00e9s del Servicio nunca ser\u00e1 compartida con otros, excepto en los siguientes casos:<br><br>1. Con su consentimiento;<br>&nbsp;&nbsp;&nbsp;Cuando usted nos da su consentimiento para hacerlo, incluso si le notificamos que la informaci\u00f3n que usted proporciona se compartir\u00e1 de una manera particular y usted proporciona dicha informaci\u00f3n.<br><br>2. Con Servicios de Terceros;<br>&nbsp;&nbsp;&nbsp;Compartimos los Datos necesarios con Servicios de Terceros, consultores u otras personas que trabajan con nosotros y necesitan acceder a dicha informaci\u00f3n para realizar trabajos en nuestro nombre, lo que nos permite prestarle el Servicio. Los Datos utilizados por estos terceros se utilizan \u00fanicamente en la medida en que lo requieren para prestar los servicios que solicitamos. Queda estrictamente prohibido cualquier uso para otros fines. Asimismo, los Datos procesados por terceros se procesar\u00e1n conforme a los t\u00e9rminos de esta pol\u00edtica de privacidad y de conformidad con la Ley de Protecci\u00f3n de Datos de 1998 y el RGPD.<br><br>3. En respuesta a un proceso legal o una solicitud de informaci\u00f3n;<br>&nbsp;&nbsp;&nbsp;Si creemos que la divulgaci\u00f3n cumple con alguna ley, norma o regulaci\u00f3n aplicable, podemos compartir su informaci\u00f3n personal con las personas adecuadas en tales casos:<br><\/p>\n\n\n\n<ul class=\"wp-block-list\">\n<li>Aplicar cualquier ley, norma, reglamento o sentencia judicial aplicable;<\/li>\n\n\n\n<li>Aplicaci\u00f3n de los T\u00e9rminos de Servicio que puedan aplicarse para inspecciones o detecci\u00f3n de violaciones;<\/li>\n\n\n\n<li>Para investigar o remediar posibles violaciones de nuestros acuerdos o pol\u00edticas de usuario;<\/li>\n\n\n\n<li>Para proteger los derechos, la propiedad y la seguridad de PushBundle, nuestros usuarios u otros, lo cual sea necesario o permitido debido a las regulaciones.<\/li>\n<\/ul>\n\n\n\n<p><br>4. Dentro de la Empresa;<br>&nbsp;&nbsp;&nbsp;Los empleados de PushBundle cuyas responsabilidades laborales requieren acceso a Informaci\u00f3n Personal cuentan con dicho acceso y lo utilizar\u00e1n exclusivamente para brindar Servicio y Soporte a los Clientes. Estos empleados est\u00e1n sujetos a estrictas normas de protecci\u00f3n y confidencialidad de la informaci\u00f3n.<br><br>5. Compartir informaci\u00f3n no personal;<br>&nbsp;&nbsp;&nbsp;Podemos publicar informaci\u00f3n no personal en diferentes formatos o compartirla con nuestros socios, como editores, anunciantes, empresarios e investigadores. Por ejemplo, podemos compartir estad\u00edsticas sobre el precio de los productos, la frecuencia y el stock de productos en diferentes lugares, el n\u00famero de visitas a diversos productos o tiendas, o proporcionar estad\u00edsticas de estos a terceros.<\/p>\n\n\n\n<div style=\"height:51px\" aria-hidden=\"true\" class=\"wp-block-spacer\"><\/div>\n\n\n\n<h2 class=\"wp-block-heading\">\u200d<strong>4. Almacenamiento y eliminaci\u00f3n de informaci\u00f3n<\/strong><\/h2>\n\n\n\n<div style=\"height:51px\" aria-hidden=\"true\" class=\"wp-block-spacer\"><\/div>\n\n\n\n<p>Toda la informaci\u00f3n recopilada en PushBundle siempre se almacena de forma segura y se conservar\u00e1 mientras sea necesaria para proporcionar el Servicio y mejorarlo u otros usos enumerados en los T\u00e9rminos.<br>\u200d<br>Ofrecemos a nuestros Clientes la posibilidad de responder directamente a las solicitudes de los interesados para acceder, transferir, rectificar o borrar sus datos, o restringir u oponerse al procesamiento de sus datos personales.<br>\u200d<br>Supongamos que nos contacta a trav\u00e9s de nuestras direcciones de correo electr\u00f3nico oficiales para solicitar informaci\u00f3n sobre su informaci\u00f3n personal. En ese caso, podr\u00edamos solicitarle informaci\u00f3n adicional necesaria para verificar su identidad y condici\u00f3n de interesado en la UE. Responderemos a su solicitud directamente en un plazo de 30 d\u00edas tras la verificaci\u00f3n de identidad.<br>\u200d<br>Si procesamos sus datos personales con base en la legitimidad de su consentimiento, tiene derecho a retirarlo en cualquier momento sin que ello afecte a la legitimidad del tratamiento previo a su retirada. Para retirar su consentimiento, escr\u00edbanos a nuestra direcci\u00f3n de correo electr\u00f3nico de soporte.<br>\u200d<br>Si deja de usar el Servicio, a menos que solicite la eliminaci\u00f3n de su Informaci\u00f3n personal, podremos conservar su Informaci\u00f3n personal para siempre despu\u00e9s de que un Cliente deje de usar el Servicio.<\/p>\n\n\n\n<div style=\"height:51px\" aria-hidden=\"true\" class=\"wp-block-spacer\"><\/div>\n\n\n\n<h2 class=\"wp-block-heading\"><strong>5. Cambios en la propiedad y el control de la empresa<\/strong><\/h2>\n\n\n\n<div style=\"height:51px\" aria-hidden=\"true\" class=\"wp-block-spacer\"><\/div>\n\n\n\n<p>En caso de venta y\/o transferencia de control de todo o parte de la aplicaci\u00f3n PushBundle, los datos proporcionados por los Clientes, cuando sean relevantes para cualquier parte de nuestro negocio transferido, se transferir\u00e1n junto con esa parte y el nuevo propietario o la nueva parte controladora, seg\u00fan los t\u00e9rminos de esta Pol\u00edtica de Privacidad, podr\u00e1 utilizar los Datos para los fines para los cuales nos fueron suministrados originalmente, y se preservar\u00e1 la confidencialidad de la Informaci\u00f3n Personal.<br>\u200d<br>Si dicha transferencia de datos requiere implementar pol\u00edticas nuevas y completamente diferentes a las anteriores, esto se le comunicar\u00e1 tal como se describe en la parte de cambios de esta Pol\u00edtica de Privacidad, y luego la propiedad o el control se transferir\u00e1 al nuevo.<br><br>Tambi\u00e9n podr\u00edamos divulgar datos a un posible comprador de nuestro negocio o de cualquier parte del mismo. En estos casos, tomaremos medidas para garantizar la protecci\u00f3n de su privacidad conforme a esta Pol\u00edtica de Privacidad.<\/p>\n\n\n\n<div style=\"height:51px\" aria-hidden=\"true\" class=\"wp-block-spacer\"><\/div>\n\n\n\n<h2 class=\"wp-block-heading\"><strong>6. Cambios en esta pol\u00edtica de privacidad<\/strong><\/h2>\n\n\n\n<div style=\"height:51px\" aria-hidden=\"true\" class=\"wp-block-spacer\"><\/div>\n\n\n\n<p>Nos reservamos el derecho de modificar esta Pol\u00edtica de Privacidad seg\u00fan lo consideremos necesario o lo exija la ley. Podemos actualizar esta Pol\u00edtica de Privacidad peri\u00f3dicamente para reflejar, por ejemplo, cambios en nuestras pr\u00e1cticas o por otros motivos operativos, legales o regulatorios.<br><br>Cualquier cambio se publicar\u00e1 inmediatamente en el sitio web y se considerar\u00e1 que usted ha aceptado los t\u00e9rminos de la pol\u00edtica de privacidad en su primer uso del sitio web despu\u00e9s de las modificaciones.<br><br>Si decide no utilizar el Servicio de acuerdo con las pol\u00edticas de esta Pol\u00edtica de Privacidad o sus versiones actualizadas, deber\u00e1 cerrar su Cuenta.<\/p>\n\n\n\n<div style=\"height:51px\" aria-hidden=\"true\" class=\"wp-block-spacer\"><\/div>\n\n\n\n<h2 class=\"wp-block-heading\"><strong>7. Derechos del sujeto de la DPA y el RGPD<\/strong><\/h2>\n\n\n\n<div style=\"height:51px\" aria-hidden=\"true\" class=\"wp-block-spacer\"><\/div>\n\n\n\n<p>Si reside en el Espacio Econ\u00f3mico Europeo o Suiza (colectivamente la \u201cUE\u201d), observamos que estamos procesando su informaci\u00f3n y nos basamos en los siguientes fundamentos legales bajo el Reglamento General de Protecci\u00f3n de Datos (\u201cGDPR\u201d) para procesar (recopilar, almacenar y usar) su Informaci\u00f3n Personal:<br>\u200d<br><strong>\u201cCuando sea necesario para la ejecuci\u00f3n de un contrato; nuestro inter\u00e9s comercial leg\u00edtimo o el de un tercero; o su consentimiento\u201d.<\/strong><\/p>\n\n\n\n<p><br>Siempre se le dar\u00e1n opciones para restringir nuestro uso de los Datos o acceder a ellos. Estas pueden incluir lo siguiente:<br>\u200d<\/p>\n\n\n\n<ul class=\"wp-block-list\">\n<li>Tiene derecho a solicitar una copia de cualquiera de los datos de la cuenta de su Tienda en poder de PushBundle;<\/li>\n\n\n\n<li>Usted tiene derecho a retirar el consentimiento necesario para recopilar y utilizar sus datos en cualquier momento;<\/li>\n\n\n\n<li>Tienes derecho a que tus datos se eliminen de los servidores y bases de datos de PushBundle;<\/li>\n<\/ul>\n\n\n\n<p><br>1. Usted puede controlar sus datos debido a las pol\u00edticas descritas en la secci\u00f3n 4.<br><br>2. Usted puede negarse a enviar informaci\u00f3n a trav\u00e9s del Servicio o restringir nuestro acceso a los datos, o puede que este se restrinja en la configuraci\u00f3n de su navegador, por lo que es posible que no podamos brindarle todo o una parte del Servicio.<br><br>3. La seguridad de sus Datos se encuentra bajo las pol\u00edticas de la secci\u00f3n 3.<br><br>4. PushBundle podr\u00eda instalar y acceder a ciertas Cookies en su ordenador. Antes de ello, se le mostrar\u00e1 un mensaje solicitando su consentimiento para instalar dichas Cookies, el cual deber\u00e1 obtener de sus Visitantes. Las Cookies se utilizan para mejorar su experiencia de uso del Servicio y nuestra gama de productos y servicios. Puede habilitar o deshabilitar las Cookies en su navegador de internet y eliminarlas en cualquier momento; sin embargo, es posible que algunas funciones del Servicio no funcionen correctamente.<\/p>\n\n\n\n<div style=\"height:51px\" aria-hidden=\"true\" class=\"wp-block-spacer\"><\/div>\n\n\n\n<h2 class=\"wp-block-heading\"><strong>8. Privacidad de los ni\u00f1os<\/strong><\/h2>\n\n\n\n<div style=\"height:51px\" aria-hidden=\"true\" class=\"wp-block-spacer\"><\/div>\n\n\n\n<p>Nuestros sitios no est\u00e1n dirigidos a menores de 13 a\u00f1os. No recopilamos, usamos ni divulgamos intencionalmente informaci\u00f3n personal identificable de menores de 13 a\u00f1os. Si, al recopilar la informaci\u00f3n, determinamos que un usuario es menor de esta edad, no usaremos ni conservaremos su informaci\u00f3n personal sin el consentimiento de sus padres o tutores. Si detectamos que, sin saberlo, hemos recopilado informaci\u00f3n personal identificable de un menor de 13 a\u00f1os, haremos todo lo posible para eliminarla de nuestros registros.<\/p>\n\n\n\n<div style=\"height:51px\" aria-hidden=\"true\" class=\"wp-block-spacer\"><\/div>\n\n\n\n<h2 class=\"wp-block-heading\"><strong>9. Actualizaciones de esta Pol\u00edtica de Privacidad<\/strong><\/h2>\n\n\n\n<div style=\"height:51px\" aria-hidden=\"true\" class=\"wp-block-spacer\"><\/div>\n\n\n\n<p>Esta Pol\u00edtica podr\u00e1 actualizarse peri\u00f3dicamente y sin previo aviso para reflejar los cambios en nuestras pr\u00e1cticas de informaci\u00f3n personal. Publicaremos un aviso destacado en este sitio para notificarle cualquier cambio significativo en nuestra Pol\u00edtica e indicaremos al final la fecha de su \u00faltima actualizaci\u00f3n.<\/p>\n\n\n\n<p><\/p>","protected":false},"excerpt":{"rendered":"<p>Privacy Policy To provide the Service, PushBundle collects, maintains, and processes information about the Clients and their Visitors. It also provides its customers with valuable and comparable data processing based on its Clients and their Visitors and Stores. We understand that you value your privacy, and we want to help make your experience with our [&hellip;]<\/p>\n","protected":false},"author":2,"featured_media":0,"parent":0,"menu_order":0,"comment_status":"closed","ping_status":"closed","template":"","meta":{"footnotes":""},"class_list":["post-156","page","type-page","status-publish","hentry"],"_links":{"self":[{"href":"https:\/\/pushbundle.com\/es\/wp-json\/wp\/v2\/pages\/156","targetHints":{"allow":["GET"]}}],"collection":[{"href":"https:\/\/pushbundle.com\/es\/wp-json\/wp\/v2\/pages"}],"about":[{"href":"https:\/\/pushbundle.com\/es\/wp-json\/wp\/v2\/types\/page"}],"author":[{"embeddable":true,"href":"https:\/\/pushbundle.com\/es\/wp-json\/wp\/v2\/users\/2"}],"replies":[{"embeddable":true,"href":"https:\/\/pushbundle.com\/es\/wp-json\/wp\/v2\/comments?post=156"}],"version-history":[{"count":23,"href":"https:\/\/pushbundle.com\/es\/wp-json\/wp\/v2\/pages\/156\/revisions"}],"predecessor-version":[{"id":1191,"href":"https:\/\/pushbundle.com\/es\/wp-json\/wp\/v2\/pages\/156\/revisions\/1191"}],"wp:attachment":[{"href":"https:\/\/pushbundle.com\/es\/wp-json\/wp\/v2\/media?parent=156"}],"curies":[{"name":"wp","href":"https:\/\/api.w.org\/{rel}","templated":true}]}}