


{"id":156,"date":"2025-05-24T08:12:27","date_gmt":"2025-05-24T08:12:27","guid":{"rendered":"https:\/\/pushbundle.com\/?page_id=156"},"modified":"2026-01-21T05:04:58","modified_gmt":"2026-01-21T05:04:58","slug":"privacy-policy","status":"publish","type":"page","link":"https:\/\/pushbundle.com\/fr\/privacy-policy\/","title":{"rendered":"politique de confidentialit\u00e9"},"content":{"rendered":"<h1 class=\"wp-block-heading has-text-align-center\" style=\"font-size:4rem\">politique de confidentialit\u00e9<\/h1>\n\n\n\n<style>\n.generalPage ul{\n  padding-left: 20px\n}\n.generalPage ul li{\nline-height: 1.6;\nmargin-bottom:10px;\n}\n\n<\/style>\n\n\n\n<div style=\"height:100px\" aria-hidden=\"true\" class=\"wp-block-spacer\"><\/div>\n\n\n\n<p>Pour fournir le Service, PushBundle collecte, conserve et traite des informations sur les Clients et leurs Visiteurs. Elle fournit \u00e9galement \u00e0 ses clients des donn\u00e9es pr\u00e9cieuses et comparables sur ses Clients, leurs Visiteurs et ses Boutiques. Nous comprenons l&#039;importance que vous accordez au respect de votre vie priv\u00e9e et souhaitons vous aider \u00e0 profiter de nos Services de mani\u00e8re satisfaisante et s\u00e9curis\u00e9e. C&#039;est pourquoi nous mettons \u00e0 votre disposition cette Politique de confidentialit\u00e9 afin de vous informer de nos politiques et proc\u00e9dures concernant la collecte, l&#039;utilisation et la divulgation des informations que nous recevons des utilisateurs de notre Site Web et de nos Services. En vous abonnant ou en utilisant le Service, vous reconnaissez avoir lu, compris et accept\u00e9 l&#039;int\u00e9gralit\u00e9 de la pr\u00e9sente Politique de confidentialit\u00e9.<\/p>\n\n\n\n<div style=\"height:51px\" aria-hidden=\"true\" class=\"wp-block-spacer\"><\/div>\n\n\n\n<p>Comme nous n&#039;avons aucun lien direct avec vos clients, visiteurs et autres tiers que vous avez ajout\u00e9s aux applications Shopify cr\u00e9\u00e9es par PushBundle, vous \u00eates seul responsable de les informer des informations collect\u00e9es et de vous assurer que vous disposez des autorisations n\u00e9cessaires pour collecter et traiter les informations les concernant. Cette politique de confidentialit\u00e9 est susceptible d&#039;\u00eatre mise \u00e0 jour p\u00e9riodiquement. Par exemple, nous pouvons la mettre \u00e0 jour pour refl\u00e9ter l&#039;\u00e9volution de nos pratiques de collecte et d&#039;utilisation des informations. Nous vous recommandons donc de consulter r\u00e9guli\u00e8rement cette page pour conna\u00eetre les derni\u00e8res informations sur nos pratiques de confidentialit\u00e9.<\/p>\n\n\n\n<div style=\"height:67px\" aria-hidden=\"true\" class=\"wp-block-spacer\"><\/div>\n\n\n\n<h2 class=\"wp-block-heading\"><strong>1. Informations collect\u00e9es<\/strong><\/h2>\n\n\n\n<div style=\"height:51px\" aria-hidden=\"true\" class=\"wp-block-spacer\"><\/div>\n\n\n\n<p>1. Informations que vous nous fournissez\u00a0;<br>Nous collectons et conservons certaines informations que vous nous fournissez directement lors de votre inscription aux applications Shopify cr\u00e9\u00e9es par PushBundle, de leur installation dans votre boutique ou de l&#039;utilisation du service. Ces informations peuvent inclure votre nom et celui de votre entreprise, votre num\u00e9ro de t\u00e9l\u00e9phone, votre adresse e-mail, votre adresse postale, les informations relatives \u00e0 vos visiteurs et d&#039;autres informations que vous choisissez de nous fournir.<br>De plus, tout e-mail ou message que vous nous envoyez sera enregistr\u00e9. Ces donn\u00e9es seront utilis\u00e9es pour communiquer avec vous, vous fournir des services, des informations et d&#039;autres interactions. Vous pouvez \u00e9galement cr\u00e9er des textes et du contenu au sein du Service afin d&#039;offrir une meilleure exp\u00e9rience \u00e0 vos visiteurs. Tout le contenu que vous produisez au sein du Service sera conserv\u00e9 dans le CRM de PushBundle et sera utilis\u00e9 pour vous fournir le Service.<br><br>2. Informations collect\u00e9es automatiquement\u00a0;<br>Lorsque vous vous abonnez au Service ou installez des applications PushBundle sur votre Store, le Service est automatiquement en mesure d&#039;acc\u00e9der \u00e0 certains types d&#039;informations que nous pouvons collecter, enregistrer et traiter en continu.<br>\u200d<br>3. Informations sur votre boutique accessibles depuis votre compte Shopify\u00a0:<\/p>\n\n\n\n<ul class=\"wp-block-list\">\n<li>Ressource de la boutique\u00a0: les param\u00e8tres g\u00e9n\u00e9raux et les informations de la boutique, y compris le nom, le domaine, la devise, la langue, l&#039;emplacement et l&#039;adresse e-mail de contact<\/li>\n\n\n\n<li>Produits : le catalogue de produits du magasin, comprenant des d\u00e9tails sur chaque variante de produit, des titres, des descriptions, des prix, des images et des collections ;<\/li>\n\n\n\n<li>Commandes : les commandes du Magasin, y compris les d\u00e9tails du client, son panier et toutes les transactions ;<\/li>\n\n\n\n<li>Vitrine\u00a0: les th\u00e8mes de la boutique, y compris tous les fichiers, pages, textes, ressources et balises de script\u00a0;<\/li>\n\n\n\n<li>Informations sur l&#039;appareil : Nous pouvons collecter certaines informations sur les appareils que vous utilisez ou que votre visiteur utilise avec le Service, y compris des donn\u00e9es telles que les identifiants uniques de l&#039;appareil, la marque et le mod\u00e8le de l&#039;appareil, le nom de l&#039;appareil, les identifiants de notification push, l&#039;adresse IP (Internet Protocol), le syst\u00e8me d&#039;exploitation, le fuseau horaire, la langue et les types de navigateur ;<\/li>\n\n\n\n<li>Informations d&#039;utilisation\u00a0: Nous pouvons collecter des informations sur la fa\u00e7on dont les utilisateurs utilisent le Service ou la Boutique. Ces donn\u00e9es peuvent inclure les heures d&#039;utilisation du Service, les pages visit\u00e9es, les liens cliqu\u00e9s, les produits command\u00e9s, les heures de consultation des pages et les adresses IP associ\u00e9es. Nous pouvons suivre vos interactions avec les liens de nos Services par des liens de redirection ou par d&#039;autres moyens.<\/li>\n\n\n\n<li>Informations de localisation : Nous pouvons \u00e9galement collecter automatiquement votre localisation physique si vous autorisez votre ordinateur ou votre appareil mobile \u00e0 nous envoyer des informations de localisation ;<\/li>\n\n\n\n<li>Cookies et autres informations de suivi : \u00c0 des fins commerciales et de services personnalis\u00e9s, l&#039;autorisation de d\u00e9finir des cookies vous est demand\u00e9e, et ces cookies seront plac\u00e9s sur votre ordinateur, ce qui, entre autres utilisations, vous permet de vous connecter \u00e0 votre compte dans un navigateur et de maintenir une session de navigation identifi\u00e9e avec PushBundle.<\/li>\n<\/ul>\n\n\n\n<div style=\"height:51px\" aria-hidden=\"true\" class=\"wp-block-spacer\"><\/div>\n\n\n\n<h2 class=\"wp-block-heading\">\u200d<strong>2. Utilisation des informations<\/strong><\/h2>\n\n\n\n<div style=\"height:51px\" aria-hidden=\"true\" class=\"wp-block-spacer\"><\/div>\n\n\n\n<p>1. Nous utilisons les informations collect\u00e9es pour fournir le Service, am\u00e9liorer ses fonctionnalit\u00e9s et d\u00e9velopper de nouvelles fonctionnalit\u00e9s telles que les objectifs suivants :<\/p>\n\n\n\n<p><\/p>\n\n\n\n<ul class=\"wp-block-list\">\n<li>Pour traiter les demandes ou les transactions que vous initiez en acc\u00e9dant ou en utilisant le Service\u00a0;<\/li>\n\n\n\n<li>Pour surveiller et analyser l&#039;utilisation et les tendances afin d&#039;am\u00e9liorer le Service, ou pour am\u00e9liorer votre exp\u00e9rience avec le Service, par exemple, en fournissant du contenu, des fonctionnalit\u00e9s ou des publicit\u00e9s personnalis\u00e9s pour vous ou vos visiteurs\u00a0;<\/li>\n\n\n\n<li>Pour v\u00e9rifier votre identit\u00e9 ou celle de vos visiteurs afin de prot\u00e9ger votre vie priv\u00e9e et de pr\u00e9server la protection des donn\u00e9es\u00a0;<\/li>\n\n\n\n<li>Pour vous contacter ou vous informer, vous ou vos visiteurs, des alertes de s\u00e9curit\u00e9, des mises \u00e0 jour essentielles de notre politique de confidentialit\u00e9, ou pour soutenir votre utilisation du service et r\u00e9pondre \u00e0 vos commentaires, questions et demandes\u00a0;<\/li>\n\n\n\n<li>Pour lier ou combiner avec des informations que nous obtenons d\u2019autres personnes pour nous aider \u00e0 comprendre vos besoins ou vous fournir de meilleurs services\u00a0;<\/li>\n\n\n\n<li>Pour d\u00e9tecter, enqu\u00eater et pr\u00e9venir les activit\u00e9s frauduleuses, non autoris\u00e9es ou ill\u00e9gales.<\/li>\n<\/ul>\n\n\n\n<p><br>2. Nous pouvons \u00e9galement analyser les informations collect\u00e9es, fournir et publier des graphiques et statistiques \u00e0 des fins commerciales pour un usage public, ou publier leurs r\u00e9sultats de mani\u00e8re cibl\u00e9e et exploitable pour diverses institutions ou entreprises et les pr\u00e9senter \u00e0 leurs propri\u00e9taires. Nous pouvons \u00e9galement utiliser ces informations pour d\u00e9velopper d&#039;autres services. Toutes ces utilisations garantissent la pleine protection de votre vie priv\u00e9e et de celle de vos visiteurs, sans qu&#039;aucune information personnelle ne soit divulgu\u00e9e ou retra\u00e7able \u00e0 des tiers. Par cons\u00e9quent, sauf obligation l\u00e9gale ou judiciaire, nous ne fournissons ni ne vendons jamais d&#039;informations permettant d&#039;identifier qui que ce soit (vous ou l&#039;un de vos utilisateurs) \u00e0 des tiers.<\/p>\n\n\n\n<div style=\"height:51px\" aria-hidden=\"true\" class=\"wp-block-spacer\"><\/div>\n\n\n\n<h2 class=\"wp-block-heading\">\u200d<strong>3. Protection, s\u00e9curisation et partage des informations<\/strong><\/h2>\n\n\n\n<div style=\"height:51px\" aria-hidden=\"true\" class=\"wp-block-spacer\"><\/div>\n\n\n\n<p>La s\u00e9curit\u00e9 des donn\u00e9es est notre priorit\u00e9 absolue. Toutes les donn\u00e9es personnelles sont stock\u00e9es en toute s\u00e9curit\u00e9, conform\u00e9ment aux principes de la loi de 1998 sur la protection des donn\u00e9es et du R\u00e8glement g\u00e9n\u00e9ral sur la protection des donn\u00e9es de l&#039;Union europ\u00e9enne.<br><br>Afin de prot\u00e9ger vos donn\u00e9es, nous avons mis en place des proc\u00e9dures physiques, \u00e9lectroniques et de gestion appropri\u00e9es pour sauvegarder et s\u00e9curiser les donn\u00e9es collect\u00e9es via l&#039;application PushBundle. Par cons\u00e9quent, si un mot de passe est requis pour acc\u00e9der \u00e0 certaines parties du Service, vous \u00eates responsable de sa confidentialit\u00e9. Nous mettons tout en \u0153uvre pour prot\u00e9ger vos donn\u00e9es personnelles. Cependant, la transmission d&#039;informations sur Internet n&#039;est pas toujours parfaitement s\u00e9curis\u00e9e et s&#039;effectue \u00e0 vos propres risques. Nous d\u00e9clinons toute responsabilit\u00e9 en cas d&#039;acc\u00e8s non autoris\u00e9 aux donn\u00e9es, non directement caus\u00e9 par une fuite ou une divulgation de donn\u00e9es depuis nos bases de donn\u00e9es.<br><br>Les informations personnelles collect\u00e9es via le Service ne seront jamais partag\u00e9es avec des tiers, sauf dans les cas suivants :<br><br>1. Avec votre consentement;<br>&nbsp;&nbsp;&nbsp;Lorsque vous nous donnez votre consentement pour le faire, y compris si nous vous informons que les informations que vous fournissez seront partag\u00e9es d&#039;une mani\u00e8re particuli\u00e8re et que vous fournissez ces informations.<br><br>2. Avec des services tiers\u00a0;<br>&nbsp;&nbsp;&nbsp;Nous partageons les donn\u00e9es n\u00e9cessaires avec des services tiers, des consultants ou d&#039;autres personnes travaillant avec nous et ayant besoin d&#039;acc\u00e9der \u00e0 ces informations pour effectuer des t\u00e2ches en notre nom, ce qui nous permet de vous fournir le service. Les donn\u00e9es utilis\u00e9es par ces tiers ne sont utilis\u00e9es que dans la mesure n\u00e9cessaire \u00e0 la prestation des services demand\u00e9s. Toute utilisation \u00e0 d&#039;autres fins est strictement interdite. De plus, les donn\u00e9es trait\u00e9es par des tiers le seront conform\u00e9ment \u00e0 la pr\u00e9sente politique de confidentialit\u00e9 et \u00e0 la loi sur la protection des donn\u00e9es de 1998 et au RGPD.<br><br>3. En r\u00e9ponse \u00e0 une proc\u00e9dure judiciaire ou \u00e0 une demande d\u2019information ;<br>&nbsp;&nbsp;&nbsp;Si nous pensons que la divulgation est conforme \u00e0 une loi, une r\u00e8gle ou un r\u00e8glement applicable, nous pouvons partager vos informations personnelles avec les personnes appropri\u00e9es dans de tels cas :<br><\/p>\n\n\n\n<ul class=\"wp-block-list\">\n<li>Appliquer toute loi, r\u00e8gle, r\u00e8glement ou jugement de tribunal applicable ;<\/li>\n\n\n\n<li>Appliquer des conditions de service qui peuvent \u00eatre appliqu\u00e9es pour des inspections ou la d\u00e9tection de violations\u00a0;<\/li>\n\n\n\n<li>Pour enqu\u00eater sur d\u2019\u00e9ventuelles violations de nos accords ou politiques d\u2019utilisation ou y rem\u00e9dier\u00a0;<\/li>\n\n\n\n<li>Pour prot\u00e9ger les droits, la propri\u00e9t\u00e9 et la s\u00e9curit\u00e9 de PushBundle, de nos utilisateurs ou d&#039;autres, ce qui est n\u00e9cessaire ou autoris\u00e9 en raison de la r\u00e9glementation.<\/li>\n<\/ul>\n\n\n\n<p><br>4. Au sein de l\u2019entreprise ;<br>&nbsp;&nbsp;&nbsp;Les employ\u00e9s de PushBundle dont les responsabilit\u00e9s professionnelles n\u00e9cessitent l&#039;acc\u00e8s aux informations personnelles b\u00e9n\u00e9ficient de cet acc\u00e8s et les utilisent uniquement pour fournir des services et une assistance aux clients. Ces employ\u00e9s sont soumis \u00e0 des r\u00e8gles strictes en mati\u00e8re de protection et de confidentialit\u00e9 des informations.<br><br>5. Partage d\u2019informations non personnelles\u00a0;<br>&nbsp;&nbsp;&nbsp;Nous pouvons publier des informations non personnelles sous diff\u00e9rents formats ou les partager avec nos partenaires, tels que des \u00e9diteurs, des annonceurs, des entrepreneurs et des chercheurs. Par exemple, nous pouvons partager des statistiques relatives au prix des produits, \u00e0 la fr\u00e9quence et aux stocks de produits dans diff\u00e9rents lieux, au nombre de visites de diff\u00e9rents produits ou magasins, ou fournir des statistiques \u00e0 des tiers.<\/p>\n\n\n\n<div style=\"height:51px\" aria-hidden=\"true\" class=\"wp-block-spacer\"><\/div>\n\n\n\n<h2 class=\"wp-block-heading\">\u200d<strong>4. Stockage et suppression des informations<\/strong><\/h2>\n\n\n\n<div style=\"height:51px\" aria-hidden=\"true\" class=\"wp-block-spacer\"><\/div>\n\n\n\n<p>Toutes les informations collect\u00e9es dans PushBundle sont toujours stock\u00e9es en toute s\u00e9curit\u00e9 et seront conserv\u00e9es aussi longtemps que n\u00e9cessaire pour fournir le Service et l&#039;am\u00e9liorer ou d&#039;autres utilisations r\u00e9pertori\u00e9es dans les Conditions.<br>\u200d<br>Nous offrons \u00e0 nos clients la possibilit\u00e9 de r\u00e9pondre directement aux demandes des personnes concern\u00e9es d&#039;acc\u00e9der, de transf\u00e9rer, de rectifier ou d&#039;effacer leurs donn\u00e9es, ou de restreindre ou de s&#039;opposer au traitement de leurs donn\u00e9es personnelles.<br>\u200d<br>Supposons que vous nous contactiez \u00e0 nos adresses e-mail officielles pour demander des informations concernant vos informations personnelles. Dans ce cas, nous pourrions vous demander de fournir des informations compl\u00e9mentaires n\u00e9cessaires \u00e0 la v\u00e9rification de votre identit\u00e9 et de votre statut de personne concern\u00e9e dans l&#039;UE. Nous r\u00e9pondrons directement \u00e0 votre demande dans les 30 jours suivant la v\u00e9rification de votre identit\u00e9.<br>\u200d<br>Si nous traitons vos donn\u00e9es personnelles sur la base l\u00e9gale de votre consentement, vous avez le droit de retirer votre consentement \u00e0 tout moment sans que cela n&#039;affecte la lic\u00e9it\u00e9 du traitement effectu\u00e9 avant son retrait. Pour retirer votre consentement, veuillez nous contacter par e-mail \u00e0 l&#039;adresse support.<br>\u200d<br>Si vous cessez d&#039;utiliser le Service, \u00e0 moins que vous ne demandiez la suppression de vos informations personnelles, nous pouvons conserver vos informations personnelles pour toujours apr\u00e8s qu&#039;un client cesse d&#039;utiliser le Service.<\/p>\n\n\n\n<div style=\"height:51px\" aria-hidden=\"true\" class=\"wp-block-spacer\"><\/div>\n\n\n\n<h2 class=\"wp-block-heading\"><strong>5. Changements dans la propri\u00e9t\u00e9 et le contr\u00f4le des entreprises<\/strong><\/h2>\n\n\n\n<div style=\"height:51px\" aria-hidden=\"true\" class=\"wp-block-spacer\"><\/div>\n\n\n\n<p>En cas de vente et\/ou de transfert de contr\u00f4le de tout ou partie de l&#039;application PushBundle, les donn\u00e9es fournies par les Clients seront, lorsqu&#039;elles sont pertinentes pour toute partie de notre activit\u00e9 ainsi transf\u00e9r\u00e9e, transf\u00e9r\u00e9es avec cette partie et le nouveau propri\u00e9taire ou la nouvelle partie contr\u00f4lante sera, selon les termes de la pr\u00e9sente Politique de confidentialit\u00e9, autoris\u00e9 \u00e0 utiliser les Donn\u00e9es aux fins pour lesquelles elles nous ont \u00e9t\u00e9 initialement fournies, et la confidentialit\u00e9 des Informations Personnelles sera pr\u00e9serv\u00e9e.<br>\u200d<br>Si un tel transfert de donn\u00e9es n\u00e9cessite la mise en \u0153uvre de politiques nouvelles et compl\u00e8tement diff\u00e9rentes des pr\u00e9c\u00e9dentes, cela vous sera propos\u00e9 comme d\u00e9crit dans la partie des modifications de cette politique de confidentialit\u00e9, puis la propri\u00e9t\u00e9 ou le contr\u00f4le sera transf\u00e9r\u00e9 au nouveau.<br><br>Nous pouvons \u00e9galement divulguer des donn\u00e9es \u00e0 un acqu\u00e9reur potentiel de notre entreprise ou d&#039;une partie de celle-ci. Dans les cas susmentionn\u00e9s, nous prendrons des mesures pour garantir la protection de votre vie priv\u00e9e conform\u00e9ment \u00e0 la pr\u00e9sente Politique de confidentialit\u00e9.<\/p>\n\n\n\n<div style=\"height:51px\" aria-hidden=\"true\" class=\"wp-block-spacer\"><\/div>\n\n\n\n<h2 class=\"wp-block-heading\"><strong>6. Modifications de cette politique de confidentialit\u00e9<\/strong><\/h2>\n\n\n\n<div style=\"height:51px\" aria-hidden=\"true\" class=\"wp-block-spacer\"><\/div>\n\n\n\n<p>Nous nous r\u00e9servons le droit de modifier la pr\u00e9sente Politique de confidentialit\u00e9 si nous le jugeons n\u00e9cessaire ou si la loi l&#039;exige. Nous pouvons \u00e9galement la mettre \u00e0 jour p\u00e9riodiquement afin de refl\u00e9ter, par exemple, des changements dans nos pratiques ou pour d&#039;autres raisons op\u00e9rationnelles, l\u00e9gales ou r\u00e9glementaires.<br><br>Toute modification sera imm\u00e9diatement publi\u00e9e sur le site Web et vous serez r\u00e9put\u00e9 avoir accept\u00e9 les termes de la politique de confidentialit\u00e9 lors de votre premi\u00e8re utilisation du site Web apr\u00e8s les modifications.<br><br>Si vous d\u00e9cidez de ne pas utiliser le Service conform\u00e9ment aux politiques de la pr\u00e9sente Politique de confidentialit\u00e9 ou \u00e0 ses versions mises \u00e0 jour, vous devrez fermer votre Compte.<\/p>\n\n\n\n<div style=\"height:51px\" aria-hidden=\"true\" class=\"wp-block-spacer\"><\/div>\n\n\n\n<h2 class=\"wp-block-heading\"><strong>7. Droits des sujets DPA et RGPD<\/strong><\/h2>\n\n\n\n<div style=\"height:51px\" aria-hidden=\"true\" class=\"wp-block-spacer\"><\/div>\n\n\n\n<p>Si vous r\u00e9sidez dans l&#039;Espace \u00e9conomique europ\u00e9en ou en Suisse (collectivement l&#039;\u00ab UE \u00bb), nous notons que nous traitons vos informations et que nous nous appuyons sur les motifs l\u00e9gaux suivants en vertu du R\u00e8glement g\u00e9n\u00e9ral sur la protection des donn\u00e9es (\u00ab RGPD \u00bb) pour traiter (collecter, stocker et utiliser) vos informations personnelles :<br>\u200d<br><strong>\u00ab Lorsque cela est n\u00e9cessaire \u00e0 l&#039;ex\u00e9cution d&#039;un contrat ; \u00e0 notre int\u00e9r\u00eat commercial l\u00e9gitime ou \u00e0 celui d&#039;un tiers ; ou \u00e0 votre consentement. \u00bb<\/strong><\/p>\n\n\n\n<p><br>Vous aurez toujours la possibilit\u00e9 de restreindre notre utilisation des donn\u00e9es ou d&#039;y acc\u00e9der. Cela peut inclure les \u00e9l\u00e9ments suivants\u00a0:<br>\u200d<\/p>\n\n\n\n<ul class=\"wp-block-list\">\n<li>Vous avez le droit de demander une copie de toutes les donn\u00e9es de votre compte de magasin d\u00e9tenues par PushBundle\u00a0;<\/li>\n\n\n\n<li>Vous avez le droit de retirer \u00e0 tout moment le consentement n\u00e9cessaire \u00e0 la collecte et \u00e0 l\u2019utilisation de vos donn\u00e9es ;<\/li>\n\n\n\n<li>Vous avez le droit de faire supprimer vos donn\u00e9es des serveurs et des bases de donn\u00e9es de PushBundle ;<\/li>\n<\/ul>\n\n\n\n<p><br>1. Vous pouvez contr\u00f4ler vos donn\u00e9es gr\u00e2ce aux politiques d\u00e9crites dans la section 4.<br><br>2. Vous pouvez refuser de soumettre des informations via le Service ou restreindre notre acc\u00e8s aux donn\u00e9es, ou cela peut \u00eatre restreint dans les param\u00e8tres de votre navigateur, et nous pourrions donc ne pas \u00eatre en mesure de vous fournir tout ou partie du Service.<br><br>3. La s\u00e9curit\u00e9 de vos donn\u00e9es est soumise aux politiques de la section 3.<br><br>4. PushBundle peut placer et acc\u00e9der \u00e0 certains cookies sur votre ordinateur. Avant cela, une barre de message vous demandera votre consentement pour l&#039;installation de ces cookies, et vous devrez obtenir ce consentement aupr\u00e8s de vos visiteurs. Les cookies sont utilis\u00e9s pour am\u00e9liorer votre exp\u00e9rience d&#039;utilisation du Service et notre gamme de produits et services. Vous pouvez choisir d&#039;activer ou de d\u00e9sactiver les cookies dans votre navigateur internet et de les supprimer \u00e0 tout moment\u00a0; cependant, certaines fonctionnalit\u00e9s du Service pourraient ne pas fonctionner pleinement ou comme pr\u00e9vu.<\/p>\n\n\n\n<div style=\"height:51px\" aria-hidden=\"true\" class=\"wp-block-spacer\"><\/div>\n\n\n\n<h2 class=\"wp-block-heading\"><strong>8. Vie priv\u00e9e des enfants<\/strong><\/h2>\n\n\n\n<div style=\"height:51px\" aria-hidden=\"true\" class=\"wp-block-spacer\"><\/div>\n\n\n\n<p>Nos sites ne s&#039;adressent pas aux enfants de moins de 13 ans. Nous ne collectons, n&#039;utilisons ni ne divulguons sciemment d&#039;informations personnelles identifiables concernant des personnes de moins de 13 ans. Si, lors de la collecte, nous d\u00e9terminons qu&#039;un utilisateur a moins de 13 ans, nous n&#039;utiliserons ni ne conserverons ses informations personnelles sans le consentement de ses parents ou tuteurs. Si nous apprenons que nous avons collect\u00e9 \u00e0 notre insu des informations personnelles identifiables aupr\u00e8s d&#039;un enfant de moins de 13 ans, nous mettrons tout en \u0153uvre pour les supprimer de nos archives.<\/p>\n\n\n\n<div style=\"height:51px\" aria-hidden=\"true\" class=\"wp-block-spacer\"><\/div>\n\n\n\n<h2 class=\"wp-block-heading\"><strong>9. Mises \u00e0 jour de cette politique de confidentialit\u00e9<\/strong><\/h2>\n\n\n\n<div style=\"height:51px\" aria-hidden=\"true\" class=\"wp-block-spacer\"><\/div>\n\n\n\n<p>Cette Politique peut \u00eatre mise \u00e0 jour p\u00e9riodiquement et sans pr\u00e9avis afin de refl\u00e9ter les changements apport\u00e9s \u00e0 nos pratiques en mati\u00e8re de donn\u00e9es personnelles. Nous publierons un avis bien visible sur ce site pour vous informer de toute modification importante de notre Politique et indiquerons en bas de page la date de la derni\u00e8re mise \u00e0 jour.<\/p>\n\n\n\n<p><\/p>","protected":false},"excerpt":{"rendered":"<p>Privacy Policy To provide the Service, PushBundle collects, maintains, and processes information about the Clients and their Visitors. It also provides its customers with valuable and comparable data processing based on its Clients and their Visitors and Stores. We understand that you value your privacy, and we want to help make your experience with our [&hellip;]<\/p>\n","protected":false},"author":2,"featured_media":0,"parent":0,"menu_order":0,"comment_status":"closed","ping_status":"closed","template":"","meta":{"footnotes":""},"class_list":["post-156","page","type-page","status-publish","hentry"],"_links":{"self":[{"href":"https:\/\/pushbundle.com\/fr\/wp-json\/wp\/v2\/pages\/156","targetHints":{"allow":["GET"]}}],"collection":[{"href":"https:\/\/pushbundle.com\/fr\/wp-json\/wp\/v2\/pages"}],"about":[{"href":"https:\/\/pushbundle.com\/fr\/wp-json\/wp\/v2\/types\/page"}],"author":[{"embeddable":true,"href":"https:\/\/pushbundle.com\/fr\/wp-json\/wp\/v2\/users\/2"}],"replies":[{"embeddable":true,"href":"https:\/\/pushbundle.com\/fr\/wp-json\/wp\/v2\/comments?post=156"}],"version-history":[{"count":23,"href":"https:\/\/pushbundle.com\/fr\/wp-json\/wp\/v2\/pages\/156\/revisions"}],"predecessor-version":[{"id":1191,"href":"https:\/\/pushbundle.com\/fr\/wp-json\/wp\/v2\/pages\/156\/revisions\/1191"}],"wp:attachment":[{"href":"https:\/\/pushbundle.com\/fr\/wp-json\/wp\/v2\/media?parent=156"}],"curies":[{"name":"wp","href":"https:\/\/api.w.org\/{rel}","templated":true}]}}