


{"id":156,"date":"2025-05-24T08:12:27","date_gmt":"2025-05-24T08:12:27","guid":{"rendered":"https:\/\/pushbundle.com\/?page_id=156"},"modified":"2026-01-21T05:04:58","modified_gmt":"2026-01-21T05:04:58","slug":"privacy-policy","status":"publish","type":"page","link":"https:\/\/pushbundle.com\/it\/privacy-policy\/","title":{"rendered":"politica sulla riservatezza"},"content":{"rendered":"<h1 class=\"wp-block-heading has-text-align-center\" style=\"font-size:4rem\">politica sulla riservatezza<\/h1>\n\n\n\n<style>\n.generalPage ul{\n  padding-left: 20px\n}\n.generalPage ul li{\nline-height: 1.6;\nmargin-bottom:10px;\n}\n\n<\/style>\n\n\n\n<div style=\"height:100px\" aria-hidden=\"true\" class=\"wp-block-spacer\"><\/div>\n\n\n\n<p>Per fornire il Servizio, PushBundle raccoglie, conserva ed elabora informazioni sui Clienti e sui loro Visitatori. Fornisce inoltre ai propri clienti dati preziosi e comparabili basati sui propri Clienti, sui loro Visitatori e sui loro Negozi. Siamo consapevoli che la tua privacy \u00e8 importante e desideriamo contribuire a rendere la tua esperienza con i nostri Servizi soddisfacente e sicura. Pertanto, forniamo la presente Informativa sulla Privacy per informarti sulle nostre politiche e procedure relative alla raccolta, all&#039;utilizzo e alla divulgazione delle informazioni che riceviamo dagli utenti del nostro Sito Web e dei nostri Servizi. L&#039;iscrizione o l&#039;utilizzo del Servizio implica che hai letto, compreso e accettato integralmente la presente Informativa sulla Privacy.<\/p>\n\n\n\n<div style=\"height:51px\" aria-hidden=\"true\" class=\"wp-block-spacer\"><\/div>\n\n\n\n<p>Poich\u00e9 non abbiamo alcun rapporto diretto con i tuoi clienti e visitatori, n\u00e9 con eventuali terze parti che hai aggiunto alle app Shopify create da PushBundle, sei l&#039;unico responsabile di informarli sulle informazioni raccolte e di assicurarti di disporre delle autorizzazioni necessarie per consentirci di raccogliere ed elaborare informazioni su tali individui. La presente Informativa sulla privacy potrebbe essere aggiornata di volta in volta. Ad esempio, potremmo aggiornare la presente Informativa sulla privacy per riflettere le modifiche alle nostre pratiche di raccolta e utilizzo delle informazioni. Pertanto, ti consigliamo di consultare periodicamente questa pagina per le informazioni pi\u00f9 recenti sulle nostre pratiche in materia di privacy.<\/p>\n\n\n\n<div style=\"height:67px\" aria-hidden=\"true\" class=\"wp-block-spacer\"><\/div>\n\n\n\n<h2 class=\"wp-block-heading\"><strong>1. Informazioni raccolte<\/strong><\/h2>\n\n\n\n<div style=\"height:51px\" aria-hidden=\"true\" class=\"wp-block-spacer\"><\/div>\n\n\n\n<p>1. Informazioni che ci fornisci;<br>Raccogliamo e conserviamo alcune informazioni che ci fornisci direttamente quando ti iscrivi alle app Shopify create da PushBundle o installi l&#039;applicazione nel tuo Negozio, o quando utilizzi il Servizio. Le informazioni che raccogliamo possono includere il tuo nome personale e aziendale, il numero di telefono, l&#039;indirizzo email, l&#039;indirizzo postale, le Informazioni sui Visitatori e Altre Informazioni che scegli di fornire.<br>Inoltre, qualsiasi e-mail o messaggio che ci invierai verr\u00e0 salvato. Questi dati verranno utilizzati per comunicare con te e fornirti Servizi, Informazioni e altre interazioni. Potrai anche creare testi e contenuti all&#039;interno del Servizio per offrire un&#039;esperienza migliore ai tuoi visitatori. Tutti i contenuti prodotti all&#039;interno del Servizio saranno conservati nel CRM di PushBundle e utilizzati per fornirti il Servizio.<br><br>2. Informazioni raccolte automaticamente;<br>Quando ti iscrivi al Servizio o installi le app PushBundle sul tuo Store, il Servizio \u00e8 automaticamente in grado di accedere a determinati tipi di informazioni che potremmo raccogliere, salvare ed elaborare continuamente<br>\u200d<br>3. Informazioni sul tuo Negozio accessibili dal tuo account Shopify:<\/p>\n\n\n\n<ul class=\"wp-block-list\">\n<li>Risorsa del negozio: impostazioni generali e informazioni del negozio, tra cui nome, dominio, valuta, lingua, posizione e indirizzo email di contatto<\/li>\n\n\n\n<li>Prodotti: il catalogo prodotti dello Store, inclusi i dettagli su ciascuna variante del prodotto, titoli, descrizioni, prezzi, immagini e collezioni;<\/li>\n\n\n\n<li>Ordini: gli ordini del Negozio, inclusi i dettagli del cliente, il suo carrello e tutte le transazioni;<\/li>\n\n\n\n<li>Storefront: i temi dello Store, inclusi tutti i file, le pagine, i testi, le risorse e i tag degli script;<\/li>\n\n\n\n<li>Informazioni sul dispositivo: potremmo raccogliere determinate informazioni sui dispositivi che utilizzi o che il tuo Visitatore utilizza con il Servizio, inclusi dati quali identificatori univoci del dispositivo, marca e modello del dispositivo, nome del dispositivo, identificatori di notifica push, indirizzo IP (Internet Protocol), sistema operativo, fuso orario, lingua e tipi di browser;<\/li>\n\n\n\n<li>Informazioni sull&#039;utilizzo: Potremmo raccogliere informazioni su come gli utenti utilizzano il Servizio o lo Store. Questi dati potrebbero includere tempi di utilizzo del Servizio, pagine visitate, link cliccati, prodotti ordinati, tempi di visualizzazione delle pagine e IP collegati. Potremmo tenere traccia di come interagisci con i link nei nostri Servizi reindirizzandoli o con altri mezzi;<\/li>\n\n\n\n<li>Informazioni sulla posizione: potremmo anche raccogliere automaticamente la tua posizione fisica se abiliti il tuo computer o dispositivo mobile a inviarci informazioni sulla posizione;<\/li>\n\n\n\n<li>Cookie e altre informazioni di tracciamento: per scopi commerciali e servizi personalizzati, ti viene chiesto il permesso di impostare i cookie e questi cookie verranno salvati sul tuo computer, il che, tra gli altri usi, ti consentir\u00e0 di accedere al tuo Account in un browser e di mantenere una sessione di navigazione identificata con PushBundle.<\/li>\n<\/ul>\n\n\n\n<div style=\"height:51px\" aria-hidden=\"true\" class=\"wp-block-spacer\"><\/div>\n\n\n\n<h2 class=\"wp-block-heading\">\u200d<strong>2. Utilizzo delle informazioni<\/strong><\/h2>\n\n\n\n<div style=\"height:51px\" aria-hidden=\"true\" class=\"wp-block-spacer\"><\/div>\n\n\n\n<p>1. Utilizziamo le informazioni raccolte per fornire il Servizio, migliorarne le funzionalit\u00e0 e svilupparne di nuove, ad esempio per i seguenti scopi:<\/p>\n\n\n\n<p><\/p>\n\n\n\n<ul class=\"wp-block-list\">\n<li>Per elaborare le richieste o le transazioni avviate accedendo o utilizzando il Servizio;<\/li>\n\n\n\n<li>Per monitorare e analizzare l&#039;utilizzo e le tendenze per migliorare il Servizio o per migliorare la tua esperienza con il Servizio, ad esempio fornendo contenuti, funzionalit\u00e0 o pubblicit\u00e0 personalizzati per te o per i tuoi Visitatori;<\/li>\n\n\n\n<li>Per verificare la tua identit\u00e0 o l&#039;identit\u00e0 dei tuoi Visitatori al fine di proteggere la tua privacy e mantenere protetti i dati;<\/li>\n\n\n\n<li>Per contattare o informare te o i tuoi Visitatori di avvisi di sicurezza, aggiornamenti essenziali alla nostra Informativa sulla privacy o supportare il tuo utilizzo del Servizio e rispondere ai tuoi commenti, domande e richieste;<\/li>\n\n\n\n<li>Per collegare o combinare le informazioni che riceviamo da altri per comprendere meglio le tue esigenze o fornirti servizi migliori;<\/li>\n\n\n\n<li>Per rilevare, investigare e prevenire attivit\u00e0 fraudolente, non autorizzate o illegali.<\/li>\n<\/ul>\n\n\n\n<p><br>2. Potremmo anche analizzare le informazioni raccolte, fornire e pubblicare grafici e statistiche con utilizzo commerciale per uso pubblico, o pubblicare i risultati in modo mirato e fruibile per varie istituzioni o aziende e presentarli ai rispettivi proprietari. Potremmo anche utilizzare queste informazioni per sviluppare altri servizi. Tutti questi utilizzi tutelano pienamente la tua privacy e quella dei tuoi Visitatori, senza che alcuna Informazione Personale venga resa disponibile o riconducibile ad altri. Pertanto, salvo nei casi di obblighi legali e giudiziari, non forniamo n\u00e9 vendiamo mai informazioni che possano essere identificate come appartenenti a te (o a uno dei tuoi utenti) ad altri.<\/p>\n\n\n\n<div style=\"height:51px\" aria-hidden=\"true\" class=\"wp-block-spacer\"><\/div>\n\n\n\n<h2 class=\"wp-block-heading\">\u200d<strong>3. Protezione, messa in sicurezza e condivisione delle informazioni<\/strong><\/h2>\n\n\n\n<div style=\"height:51px\" aria-hidden=\"true\" class=\"wp-block-spacer\"><\/div>\n\n\n\n<p>La sicurezza dei dati \u00e8 di fondamentale importanza per noi. Tutti i dati personali vengono conservati in modo sicuro, nel rispetto dei principi del Data Protection Act del 1998 e del Regolamento generale sulla protezione dei dati dell&#039;Unione Europea.<br><br>Per proteggere i tuoi dati, abbiamo implementato adeguate procedure fisiche, elettroniche e gestionali per salvaguardare e proteggere i Dati raccolti tramite l&#039;app PushBundle. Pertanto, se \u00e8 richiesto l&#039;accesso tramite password per alcune parti del Servizio, sei responsabile della riservatezza di tale password. Ci impegniamo a fare del nostro meglio per proteggere i tuoi Dati Personali. Tuttavia, la trasmissione di informazioni su Internet non \u00e8 sempre perfettamente sicura e avviene a tuo rischio e pericolo, e non saremo responsabili in caso di accesso non autorizzato ai dati, che non sia direttamente causato da perdite o divulgazioni di dati dall&#039;interno dei nostri archivi.<br><br>Le informazioni personali raccolte tramite il Servizio non saranno mai condivise con altri, tranne nei seguenti casi:<br><br>1. Con il tuo consenso;<br>&nbsp;&nbsp;&nbsp;Quando ci dai il consenso a farlo, incluso se ti informiamo che le informazioni che ci fornisci saranno condivise in un modo particolare e tu fornisci tali informazioni.<br><br>2. Con servizi di terze parti;<br>&nbsp;&nbsp;&nbsp;Condividiamo i Dati necessari con Servizi di terze parti, consulenti o altri soggetti che collaborano con noi e necessitano di accedere a tali informazioni per svolgere attivit\u00e0 per nostro conto, e in questo modo possiamo fornirti il Servizio. Tutti i Dati utilizzati da tali soggetti vengono utilizzati solo nella misura necessaria per eseguire i servizi da noi richiesti. Qualsiasi utilizzo per altri scopi \u00e8 severamente vietato. Inoltre, tutti i Dati trattati da terze parti saranno trattati nei termini della presente informativa sulla privacy e in conformit\u00e0 con il Data Protection Act del 1998 e il GDPR.<br><br>3. In risposta a un procedimento legale o a una richiesta di informazioni;<br>&nbsp;&nbsp;&nbsp;Se riteniamo che la divulgazione sia conforme a una legge, norma o regolamento applicabile, potremmo condividere le tue Informazioni personali con le persone appropriate nei seguenti casi:<br><\/p>\n\n\n\n<ul class=\"wp-block-list\">\n<li>Applicare qualsiasi legge, norma o sentenza del tribunale applicabile;<\/li>\n\n\n\n<li>Applicazione dei Termini di servizio che possono essere applicati per le ispezioni o per il rilevamento delle violazioni;<\/li>\n\n\n\n<li>Per indagare o porre rimedio a potenziali violazioni dei nostri accordi o politiche con gli utenti;<\/li>\n\n\n\n<li>Per proteggere i diritti, la propriet\u00e0 e la sicurezza di PushBundle, dei nostri utenti o di altri, laddove necessario o consentito dalle normative.<\/li>\n<\/ul>\n\n\n\n<p><br>4. All&#039;interno dell&#039;azienda;<br>&nbsp;&nbsp;&nbsp;I dipendenti di PushBundle le cui mansioni richiedono l&#039;accesso alle Informazioni Personali ricevono tale accesso e lo utilizzeranno esclusivamente per fornire Servizi e Supporto ai Clienti. Tali dipendenti sono soggetti a rigide norme in materia di protezione e riservatezza delle informazioni.<br><br>5. Condivisione di informazioni non personali;<br>&nbsp;&nbsp;&nbsp;Potremmo pubblicare Informazioni Non Personali in diversi formati o condividerle con i nostri partner, come editori, inserzionisti, titolari di attivit\u00e0 commerciali e ricercatori. Ad esempio, potremmo condividere alcune statistiche relative al prezzo dei beni, alla frequenza e alla disponibilit\u00e0 di beni in diversi luoghi, al numero di visite a vari beni o negozi, oppure fornirne statistiche ad altri.<\/p>\n\n\n\n<div style=\"height:51px\" aria-hidden=\"true\" class=\"wp-block-spacer\"><\/div>\n\n\n\n<h2 class=\"wp-block-heading\">\u200d<strong>4. Archiviazione ed eliminazione delle informazioni<\/strong><\/h2>\n\n\n\n<div style=\"height:51px\" aria-hidden=\"true\" class=\"wp-block-spacer\"><\/div>\n\n\n\n<p>Tutte le informazioni raccolte in PushBundle sono sempre archiviate in modo sicuro e saranno conservate finch\u00e9 saranno necessarie per fornire il Servizio e migliorarlo o per altri usi elencati nei Termini.<br>\u200d<br>Offriamo ai nostri Clienti la possibilit\u00e0 di rispondere direttamente alle richieste degli interessati di accedere, trasferire, rettificare o cancellare i propri dati, oppure di limitare o opporsi al trattamento dei propri dati personali.<br>\u200d<br>Supponiamo che ci contattiate ai nostri indirizzi email ufficiali per richiedere informazioni sui vostri Dati Personali. In tal caso, potremmo richiedervi di fornire ulteriori informazioni necessarie per verificare la vostra identit\u00e0 e il vostro status di soggetto interessato dell&#039;UE e risponderemo direttamente alla vostra richiesta entro 30 giorni dalla verifica dell&#039;identit\u00e0.<br>\u200d<br>Se trattiamo i tuoi dati personali sulla base del tuo consenso, hai il diritto di revocare il consenso a tale trattamento in qualsiasi momento, senza pregiudicare la liceit\u00e0 del trattamento basata sul consenso prima della revoca. Per revocare il consenso, inviaci un&#039;e-mail all&#039;indirizzo di supporto.<br>\u200d<br>Se interrompi l&#039;utilizzo del Servizio, a meno che tu non richieda la cancellazione delle tue Informazioni personali, potremmo conservare le tue Informazioni personali per sempre anche dopo che il Cliente ha smesso di utilizzare il Servizio.<\/p>\n\n\n\n<div style=\"height:51px\" aria-hidden=\"true\" class=\"wp-block-spacer\"><\/div>\n\n\n\n<h2 class=\"wp-block-heading\"><strong>5. Cambiamenti nella propriet\u00e0 e nel controllo aziendale<\/strong><\/h2>\n\n\n\n<div style=\"height:51px\" aria-hidden=\"true\" class=\"wp-block-spacer\"><\/div>\n\n\n\n<p>In caso di vendita e\/o trasferimento del controllo di tutta o parte dell&#039;app PushBundle, i dati forniti dai Clienti, laddove pertinenti a qualsiasi parte della nostra attivit\u00e0 cos\u00ec trasferita, saranno trasferiti insieme a tale parte e il nuovo proprietario o la nuova parte controllante, ai sensi dei termini della presente Informativa sulla privacy, sar\u00e0 autorizzato a utilizzare i Dati per gli scopi per i quali ci sono stati originariamente forniti e la riservatezza delle Informazioni personali sar\u00e0 preservata.<br>\u200d<br>Se tale trasferimento di dati richiede l&#039;implementazione di politiche nuove e completamente diverse da quelle precedenti, ci\u00f2 ti verr\u00e0 comunicato come descritto nella parte relativa alle modifiche della presente Informativa sulla privacy e quindi la propriet\u00e0 o il controllo saranno trasferiti alla nuova politica.<br><br>Potremmo anche divulgare i Dati a un potenziale acquirente della nostra attivit\u00e0 o di una sua parte. Nei casi sopra indicati, adotteremo misure volte a garantire la protezione della tua privacy ai sensi della presente Informativa sulla privacy.<\/p>\n\n\n\n<div style=\"height:51px\" aria-hidden=\"true\" class=\"wp-block-spacer\"><\/div>\n\n\n\n<h2 class=\"wp-block-heading\"><strong>6. Modifiche alla presente informativa sulla privacy<\/strong><\/h2>\n\n\n\n<div style=\"height:51px\" aria-hidden=\"true\" class=\"wp-block-spacer\"><\/div>\n\n\n\n<p>Ci riserviamo il diritto di modificare la presente Informativa sulla Privacy qualora lo ritenessimo necessario o fosse richiesto dalla legge. Potremmo aggiornare la presente Informativa sulla Privacy di volta in volta per riflettere, ad esempio, modifiche alle nostre pratiche o per altre ragioni operative, legali o normative.<br><br>Eventuali modifiche saranno immediatamente pubblicate sul Sito Web e si riterr\u00e0 che tu abbia accettato i termini dell&#039;informativa sulla privacy al primo utilizzo del Sito Web successivo alle modifiche.<br><br>Se decidi di non utilizzare il Servizio in conformit\u00e0 con le politiche della presente Informativa sulla privacy o delle sue versioni aggiornate, dovrai chiudere il tuo Account.<\/p>\n\n\n\n<div style=\"height:51px\" aria-hidden=\"true\" class=\"wp-block-spacer\"><\/div>\n\n\n\n<h2 class=\"wp-block-heading\"><strong>7. Diritti dell&#039;interessato ai sensi del DPA e del GDPR<\/strong><\/h2>\n\n\n\n<div style=\"height:51px\" aria-hidden=\"true\" class=\"wp-block-spacer\"><\/div>\n\n\n\n<p>Se risiedi nello Spazio economico europeo o in Svizzera (collettivamente &quot;UE&quot;), ti informiamo che stiamo elaborando le tue informazioni e che ci basiamo sui seguenti fondamenti giuridici ai sensi del Regolamento generale sulla protezione dei dati (&quot;GDPR&quot;) per elaborare (raccogliere, archiviare e utilizzare) le tue informazioni personali:<br>\u200d<br><strong>&quot;Quando \u00e8 necessario per l&#039;esecuzione di un contratto; per il nostro legittimo interesse commerciale o per quello di una terza parte; o per il tuo consenso.&quot;<\/strong><\/p>\n\n\n\n<p><br>Ti verranno sempre fornite opzioni per limitare il nostro utilizzo dei Dati o per accedervi. Ci\u00f2 potrebbe includere quanto segue:<br>\u200d<\/p>\n\n\n\n<ul class=\"wp-block-list\">\n<li>Hai il diritto di richiedere una copia di tutti i dati del tuo account Store detenuti da PushBundle;<\/li>\n\n\n\n<li>Hai il diritto di revocare in qualsiasi momento il consenso necessario alla raccolta e all&#039;utilizzo dei tuoi dati;<\/li>\n\n\n\n<li>Hai il diritto di far cancellare i tuoi dati dai server e dai database di PushBundle;<\/li>\n<\/ul>\n\n\n\n<p><br>1. Puoi controllare i tuoi dati grazie alle policy descritte nella sezione 4.<br><br>2. Puoi rifiutarti di inviare informazioni tramite il Servizio o limitare il nostro accesso ai dati, oppure potresti limitare l&#039;accesso tramite le impostazioni del tuo browser, e quindi potremmo non essere in grado di fornirti tutto o una parte del Servizio.<br><br>3. La sicurezza dei tuoi dati \u00e8 disciplinata dalle politiche della sezione 3.<br><br>4. PushBundle pu\u00f2 installare e accedere a determinati Cookie sul tuo computer. Prima di ci\u00f2, ti verr\u00e0 presentata una barra di messaggio che ti chieder\u00e0 il consenso per l&#039;installazione di tali Cookie, e dovrai ottenere tale consenso dai tuoi Visitatori. I Cookie vengono utilizzati per migliorare la tua esperienza di utilizzo del Servizio e per migliorare la nostra gamma di prodotti e servizi. Puoi scegliere di abilitare o disabilitare i Cookie nel tuo browser internet e puoi scegliere di eliminarli in qualsiasi momento; tuttavia, alcune funzionalit\u00e0 del Servizio potrebbero non funzionare completamente o come previsto.<\/p>\n\n\n\n<div style=\"height:51px\" aria-hidden=\"true\" class=\"wp-block-spacer\"><\/div>\n\n\n\n<h2 class=\"wp-block-heading\"><strong>8. Privacy dei bambini<\/strong><\/h2>\n\n\n\n<div style=\"height:51px\" aria-hidden=\"true\" class=\"wp-block-spacer\"><\/div>\n\n\n\n<p>I nostri siti non sono rivolti a bambini di et\u00e0 inferiore ai 13 anni. Non raccogliamo, utilizziamo o divulghiamo consapevolmente informazioni personali identificabili da persone di et\u00e0 inferiore ai 13 anni. Se, al momento della raccolta, stabiliamo che un utente ha un&#039;et\u00e0 inferiore a questa, non utilizzeremo n\u00e9 conserveremo le sue informazioni personali senza il consenso del genitore\/tutore. Se veniamo a conoscenza di aver raccolto inconsapevolmente informazioni personali identificabili da un bambino di et\u00e0 inferiore ai 13 anni, faremo ogni ragionevole sforzo per eliminare tali informazioni dai nostri archivi.<\/p>\n\n\n\n<div style=\"height:51px\" aria-hidden=\"true\" class=\"wp-block-spacer\"><\/div>\n\n\n\n<h2 class=\"wp-block-heading\"><strong>9. Aggiornamenti alla presente Informativa sulla privacy<\/strong><\/h2>\n\n\n\n<div style=\"height:51px\" aria-hidden=\"true\" class=\"wp-block-spacer\"><\/div>\n\n\n\n<p>La presente Informativa pu\u00f2 essere aggiornata periodicamente e senza preavviso per riflettere le modifiche alle nostre pratiche in materia di dati personali. Pubblicheremo un avviso ben visibile su questo sito per informarti di eventuali modifiche significative alla nostra Informativa e indicheremo in fondo alla pagina la data dell&#039;ultimo aggiornamento.<\/p>\n\n\n\n<p><\/p>","protected":false},"excerpt":{"rendered":"<p>Privacy Policy To provide the Service, PushBundle collects, maintains, and processes information about the Clients and their Visitors. It also provides its customers with valuable and comparable data processing based on its Clients and their Visitors and Stores. We understand that you value your privacy, and we want to help make your experience with our [&hellip;]<\/p>\n","protected":false},"author":2,"featured_media":0,"parent":0,"menu_order":0,"comment_status":"closed","ping_status":"closed","template":"","meta":{"footnotes":""},"class_list":["post-156","page","type-page","status-publish","hentry"],"_links":{"self":[{"href":"https:\/\/pushbundle.com\/it\/wp-json\/wp\/v2\/pages\/156","targetHints":{"allow":["GET"]}}],"collection":[{"href":"https:\/\/pushbundle.com\/it\/wp-json\/wp\/v2\/pages"}],"about":[{"href":"https:\/\/pushbundle.com\/it\/wp-json\/wp\/v2\/types\/page"}],"author":[{"embeddable":true,"href":"https:\/\/pushbundle.com\/it\/wp-json\/wp\/v2\/users\/2"}],"replies":[{"embeddable":true,"href":"https:\/\/pushbundle.com\/it\/wp-json\/wp\/v2\/comments?post=156"}],"version-history":[{"count":23,"href":"https:\/\/pushbundle.com\/it\/wp-json\/wp\/v2\/pages\/156\/revisions"}],"predecessor-version":[{"id":1191,"href":"https:\/\/pushbundle.com\/it\/wp-json\/wp\/v2\/pages\/156\/revisions\/1191"}],"wp:attachment":[{"href":"https:\/\/pushbundle.com\/it\/wp-json\/wp\/v2\/media?parent=156"}],"curies":[{"name":"parola chiave","href":"https:\/\/api.w.org\/{rel}","templated":true}]}}